{"id":10486,"date":"2021-08-27T17:05:59","date_gmt":"2021-08-27T17:05:59","guid":{"rendered":"http:\/\/www.dgrsantiago.gov.ar\/?page_id=10486"},"modified":"2021-08-27T18:46:06","modified_gmt":"2021-08-27T18:46:06","slug":"contribuyente-cumplidor","status":"publish","type":"page","link":"http:\/\/www.dgrsantiago.gov.ar\/?page_id=10486","title":{"rendered":"FAQ &#8211; Contribuyente Cumplidor"},"content":{"rendered":"<p><img loading=\"lazy\" decoding=\"async\" class=\"faqcategorias alignnone wp-image-1430 size-full\" src=\"http:\/\/test.dgrsantiago.gob.ar\/wp-content\/uploads\/2017\/11\/faq.png\" alt=\"\" width=\"1920\" height=\"200\" srcset=\"http:\/\/www.dgrsantiago.gov.ar\/wp-content\/uploads\/2017\/11\/faq.png 1920w, http:\/\/www.dgrsantiago.gov.ar\/wp-content\/uploads\/2017\/11\/faq-300x31.png 300w, http:\/\/www.dgrsantiago.gov.ar\/wp-content\/uploads\/2017\/11\/faq-768x80.png 768w, http:\/\/www.dgrsantiago.gov.ar\/wp-content\/uploads\/2017\/11\/faq-1024x107.png 1024w\" sizes=\"(max-width: 1920px) 100vw, 1920px\" \/><\/p>\n<p>FAQ &#8211; Contribuyente Cumplidor<\/p>\n<p>&nbsp;<\/p>\n<style>.ewd-ufaq-post-margin-symbol span {\nmargin-top:15px;\n}\n\n.ufaq-faq-title-text {\nfloat:left;\nwidth:90%;\nbackground-color:#9aca3c;\ncolor:white;\npadding:17px;\nmargin-bottom:17px!important;\n}<\/style><div  class=\"ewd-ufaq-faq-list ewd-ufaq-page-type-load_more\" id='ewd-ufaq-faq-list'>\n\n\t<input type='hidden' name='include_category' value='contribuyente-cumplidor' id='ewd-ufaq-include-category' \/>\n<input type='hidden' name='exclude_category' value='' id='ewd-ufaq-exclude-category' \/>\n<input type='hidden' name='orderby' value='date' id='ewd-ufaq-orderby' \/>\n<input type='hidden' name='order' value='desc' id='ewd-ufaq-order' \/>\n<input type='hidden' name='post_count' value='-1' id='ewd-ufaq-post-count' \/>\n<input type='hidden' name='current_url' value='\/index.php?rest_route=%2Fwp%2Fv2%2Fpages%2F10486' id='ewd-ufaq-current-url' \/>\n\t\n\t\n\t<div class='ewd-ufaq-faqs'>\n\n\t\t<div  class=\"ewd-ufaq-faq-div ewd-ufaq-faq-column-count-one ewd-ufaq-faq-responsive-columns- ewd-ufaq-faq-display-style-default ewd-ufaq-can-be-toggled\" id='ewd-ufaq-post-10485-LR2ZcBkiLg' data-post_id='10485'>\n\n\t<div class='ewd-ufaq-faq-title ewd-ufaq-faq-toggle'>\n\t\n\t<a class='ewd-ufaq-post-margin'  href='http:\/\/www.dgrsantiago.gov.ar\/?ufaq=en-que-consiste-el-beneficio-del-contribuyente-cumplidor'>\n\n\t\t<div class='ewd-ufaq-post-margin-symbol ewd-ufaq-square'>\n\t\t\t<span >a<\/span>\n\t\t<\/div>\n\n\t\t<div class='ewd-ufaq-faq-title-text'>\n\n\t\t\t<h4>\n\t\t\t\t\u00bfEN QUE CONSISTE EL BENEFICIO DEL CONTRIBUYENTE CUMPLIDOR?\t\t\t<\/h4>\n\n\t\t<\/div>\n\n\t\t<div class='ewd-ufaq-clear'><\/div>\n\n\t<\/a>\n\t\n<\/div>\n\t\n\t<div class='ewd-ufaq-faq-body ewd-ufaq-hidden' >\n\n\t\t\n\t\t\t\n\t\t\n\t\t\t<div class='ewd-ufaq-post-margin ewd-ufaq-faq-post'>\n\t<p>El art\u00edculo 25\u00b0 de la Ley N\u00b0 7.302 establece que, en los casos en que el contribuyente fuere declarado contribuyente cumplidor en el impuesto inmobiliario o automotor, tendr\u00e1 una reducci\u00f3n del 40% en su obligaci\u00f3n anual por los 2 (dos) ejercicios fiscales siguientes, a que sea declarado por la Autoridad de aplicaci\u00f3n. El presente beneficio no es acumulable con ning\u00fan otro.<\/p>\n<\/div>\n\t\t\n\t\t\t<div class='ewd-ufaq-faq-custom-fields'>\n\n\t\n<\/div>\n\t\t\n\t\t\t\n\t\t\n\t\t\t\n\t\t\n\t\t\t\n\t\t\n\t\t\t\n\t\t\n\t\t\t\n\t\t\n\t\t\t\n\t\t\n\t\t\t\n\t\t\n\t<\/div>\n\n<\/div><div  class=\"ewd-ufaq-faq-div ewd-ufaq-faq-column-count-one ewd-ufaq-faq-responsive-columns- ewd-ufaq-faq-display-style-default ewd-ufaq-can-be-toggled\" id='ewd-ufaq-post-10484-Nyyxw5zFp0' data-post_id='10484'>\n\n\t<div class='ewd-ufaq-faq-title ewd-ufaq-faq-toggle'>\n\t\n\t<a class='ewd-ufaq-post-margin'  href='http:\/\/www.dgrsantiago.gov.ar\/?ufaq=quienes-pueden-acceder-al-beneficio'>\n\n\t\t<div class='ewd-ufaq-post-margin-symbol ewd-ufaq-square'>\n\t\t\t<span >a<\/span>\n\t\t<\/div>\n\n\t\t<div class='ewd-ufaq-faq-title-text'>\n\n\t\t\t<h4>\n\t\t\t\t\u00bfQUI\u00c9NES PUEDEN ACCEDER AL BENEFICIO?\t\t\t<\/h4>\n\n\t\t<\/div>\n\n\t\t<div class='ewd-ufaq-clear'><\/div>\n\n\t<\/a>\n\t\n<\/div>\n\t\n\t<div class='ewd-ufaq-faq-body ewd-ufaq-hidden' >\n\n\t\t\n\t\t\t\n\t\t\n\t\t\t<div class='ewd-ufaq-post-margin ewd-ufaq-faq-post'>\n\t<p>El art\u00edculo 23\u00b0 de la Ley N\u00b0 7.302 establece que se considerar\u00e1 contribuyente cumplidor en los impuestos Inmobiliario Rural o Urbano y Automotores y Remolcados, a aquel que haya abonado la obligaci\u00f3n anual o en cuotas, correspondientes a los ejercicios fiscales 2017, 2018 y 2019, con anterioridad a la fecha de entrada en vigencia de la presente norma. La citada condici\u00f3n debe cumplirse para la totalidad de los bienes involucrados y registrados a nombre del contribuyente.<\/p>\n<\/div>\n\t\t\n\t\t\t<div class='ewd-ufaq-faq-custom-fields'>\n\n\t\n<\/div>\n\t\t\n\t\t\t\n\t\t\n\t\t\t\n\t\t\n\t\t\t\n\t\t\n\t\t\t\n\t\t\n\t\t\t\n\t\t\n\t\t\t\n\t\t\n\t\t\t\n\t\t\n\t<\/div>\n\n<\/div><div  class=\"ewd-ufaq-faq-div ewd-ufaq-faq-column-count-one ewd-ufaq-faq-responsive-columns- ewd-ufaq-faq-display-style-default ewd-ufaq-can-be-toggled\" id='ewd-ufaq-post-10483-dVNDE34sIe' data-post_id='10483'>\n\n\t<div class='ewd-ufaq-faq-title ewd-ufaq-faq-toggle'>\n\t\n\t<a class='ewd-ufaq-post-margin'  href='http:\/\/www.dgrsantiago.gov.ar\/?ufaq=que-requisitos-y-documentacion-se-debe-presentar'>\n\n\t\t<div class='ewd-ufaq-post-margin-symbol ewd-ufaq-square'>\n\t\t\t<span >a<\/span>\n\t\t<\/div>\n\n\t\t<div class='ewd-ufaq-faq-title-text'>\n\n\t\t\t<h4>\n\t\t\t\t\u00bfQU\u00c9 REQUISITOS Y DOCUMENTACI\u00d3N SE DEBE PRESENTAR?\t\t\t<\/h4>\n\n\t\t<\/div>\n\n\t\t<div class='ewd-ufaq-clear'><\/div>\n\n\t<\/a>\n\t\n<\/div>\n\t\n\t<div class='ewd-ufaq-faq-body ewd-ufaq-hidden' >\n\n\t\t\n\t\t\t\n\t\t\n\t\t\t<div class='ewd-ufaq-post-margin ewd-ufaq-faq-post'>\n\t<p>El art\u00edculo 3\u00b0 de la Resoluci\u00f3n General N\u00b0 24\/2021 establece los requisitos y documentaci\u00f3n a presentar.<\/p>\n<p>PERSONAS F\u00cdSICAS:<br \/>\n\u2022 Formulario F.777 de solicitud de Beneficio de Contribuyente Cumplidor para Impuesto Inmobiliario y Automotor.<br \/>\n\u2022 Copia de DNI del titular.<br \/>\n\u2022 En caso de actuar a trav\u00e9s de apoderados, deber\u00e1 presentar poder y\/o autorizaci\u00f3n con certificaci\u00f3n de firma del poderdante y apoderado.<br \/>\n\u2022 Documentaci\u00f3n que respalde la solicitud, en caso de no coincidir los datos expuestos con la informaci\u00f3n obrante en la DGR (para automotores informe hist\u00f3rico de dominio y para inmobiliario copia de la matr\u00edcula folio real. Todo actualizado).<br \/>\n\u2022 N\u00famero de tel\u00e9fono.<br \/>\n\u2022 Correo electr\u00f3nico, donde se comunicar\u00e1 toda la informaci\u00f3n y resultado de la presentaci\u00f3n.<\/p>\n<p>PERSONAS JUR\u00cdDICAS:<br \/>\n\u2022 Formulario F. 777 de solicitud de Beneficio de Contribuyente Cumplidor para Impuesto Inmobiliario y Automotor.<br \/>\n\u2022 Contrato Social\/Estatuto\/Acta Fundacional\/Cualquier Instrumento v\u00e1lido que acredite la personer\u00eda jur\u00eddica.<br \/>\n\u2022 Copia de DNI del PRESENTANTE y car\u00e1cter invocado.<br \/>\n\u2022 En caso de actuar a trav\u00e9s de apoderados, deber\u00e1 presentar poder y\/o autorizaci\u00f3n con certificaci\u00f3n de firma del poderdante y apoderado.<br \/>\n\u2022 Documentaci\u00f3n que respalde la solicitud en caso de no coincidir los datos expuestos con la informaci\u00f3n obrante en la DGR.<br \/>\n\u2022 N\u00famero de tel\u00e9fono fijo\/celular.<br \/>\n\u2022 Correo electr\u00f3nico.<\/p>\n<\/div>\n\t\t\n\t\t\t<div class='ewd-ufaq-faq-custom-fields'>\n\n\t\n<\/div>\n\t\t\n\t\t\t\n\t\t\n\t\t\t\n\t\t\n\t\t\t\n\t\t\n\t\t\t\n\t\t\n\t\t\t\n\t\t\n\t\t\t\n\t\t\n\t\t\t\n\t\t\n\t<\/div>\n\n<\/div><div  class=\"ewd-ufaq-faq-div ewd-ufaq-faq-column-count-one ewd-ufaq-faq-responsive-columns- ewd-ufaq-faq-display-style-default ewd-ufaq-can-be-toggled\" id='ewd-ufaq-post-10482-HCgD0Vx0X6' data-post_id='10482'>\n\n\t<div class='ewd-ufaq-faq-title ewd-ufaq-faq-toggle'>\n\t\n\t<a class='ewd-ufaq-post-margin'  href='http:\/\/www.dgrsantiago.gov.ar\/?ufaq=que-normativa-rige-el-beneficio-de-contribuyente-cumplidor'>\n\n\t\t<div class='ewd-ufaq-post-margin-symbol ewd-ufaq-square'>\n\t\t\t<span >a<\/span>\n\t\t<\/div>\n\n\t\t<div class='ewd-ufaq-faq-title-text'>\n\n\t\t\t<h4>\n\t\t\t\t\u00bfQU\u00c9 NORMATIVA RIGE EL BENEFICIO DE CONTRIBUYENTE CUMPLIDOR?\t\t\t<\/h4>\n\n\t\t<\/div>\n\n\t\t<div class='ewd-ufaq-clear'><\/div>\n\n\t<\/a>\n\t\n<\/div>\n\t\n\t<div class='ewd-ufaq-faq-body ewd-ufaq-hidden' >\n\n\t\t\n\t\t\t\n\t\t\n\t\t\t<div class='ewd-ufaq-post-margin ewd-ufaq-faq-post'>\n\t<p><!--more--><\/p>\n<p><a href=\"http:\/\/www.dgrsantiago.gov.ar\/wp-content\/uploads\/2020\/12\/DESCARGAR-LEY-7.302-1.pdf\">DESCARGAR LEY 7.302<\/a><br \/>\n<!--more--><\/p>\n<p><a href=\"http:\/\/www.dgrsantiago.gov.ar\/wp-content\/uploads\/2020\/12\/DESCARGAR-RG-60-2020-1.pdf\">DESCARGAR RG 60-2020<\/a><br \/>\n<!--more--><\/p>\n<p><a href=\"http:\/\/www.dgrsantiago.gov.ar\/wp-content\/uploads\/2021\/08\/DESCARGAR-RG-24-2021.pdf\">DESCARGAR RG 24-2021<\/a><\/p>\n<p><a href=\"http:\/\/www.dgrsantiago.gov.ar\/wp-content\/uploads\/2021\/09\/DESCARGAR-RG-28-2021.pdf\">DESCARGAR RG 28-2021<\/a><\/p>\n<p><a href=\"http:\/\/www.dgrsantiago.gov.ar\/wp-content\/uploads\/2021\/10\/DESCARGAR-RG-30-2021.pdf\">DESCARGAR RG 30-2021<\/a><\/p>\n<\/div>\n\t\t\n\t\t\t<div class='ewd-ufaq-faq-custom-fields'>\n\n\t\n<\/div>\n\t\t\n\t\t\t\n\t\t\n\t\t\t\n\t\t\n\t\t\t\n\t\t\n\t\t\t\n\t\t\n\t\t\t\n\t\t\n\t\t\t\n\t\t\n\t\t\t\n\t\t\n\t<\/div>\n\n<\/div><div  class=\"ewd-ufaq-faq-div ewd-ufaq-faq-column-count-one ewd-ufaq-faq-responsive-columns- ewd-ufaq-faq-display-style-default ewd-ufaq-can-be-toggled\" id='ewd-ufaq-post-10481-jtHKZy2D71' data-post_id='10481'>\n\n\t<div class='ewd-ufaq-faq-title ewd-ufaq-faq-toggle'>\n\t\n\t<a class='ewd-ufaq-post-margin'  href='http:\/\/www.dgrsantiago.gov.ar\/?ufaq=vigencia-del-beneficio'>\n\n\t\t<div class='ewd-ufaq-post-margin-symbol ewd-ufaq-square'>\n\t\t\t<span >a<\/span>\n\t\t<\/div>\n\n\t\t<div class='ewd-ufaq-faq-title-text'>\n\n\t\t\t<h4>\n\t\t\t\t\u00bfCU\u00c1L ES EL PLAZO PARA SOLICITAR EL BENEFICIO?\t\t\t<\/h4>\n\n\t\t<\/div>\n\n\t\t<div class='ewd-ufaq-clear'><\/div>\n\n\t<\/a>\n\t\n<\/div>\n\t\n\t<div class='ewd-ufaq-faq-body ewd-ufaq-hidden' >\n\n\t\t\n\t\t\t\n\t\t\n\t\t\t<div class='ewd-ufaq-post-margin ewd-ufaq-faq-post'>\n\t<p>Seg\u00fan el Decreto N\u00b0 136-2022, el plazo para solicitar el beneficio se extiende hasta el 31 de enero de 2022.<\/p>\n<p><a href=\"http:\/\/www.dgrsantiago.gov.ar\/wp-content\/uploads\/2022\/01\/DESCARGAR-DTO-136-2022.pdf\">DESCARGAR DTO 136-2022<\/a><\/p>\n<\/div>\n\t\t\n\t\t\t<div class='ewd-ufaq-faq-custom-fields'>\n\n\t\n<\/div>\n\t\t\n\t\t\t\n\t\t\n\t\t\t\n\t\t\n\t\t\t\n\t\t\n\t\t\t\n\t\t\n\t\t\t\n\t\t\n\t\t\t\n\t\t\n\t\t\t\n\t\t\n\t<\/div>\n\n<\/div><div  class=\"ewd-ufaq-faq-div ewd-ufaq-faq-column-count-one ewd-ufaq-faq-responsive-columns- ewd-ufaq-faq-display-style-default ewd-ufaq-can-be-toggled\" id='ewd-ufaq-post-10480-506FO4DfWm' data-post_id='10480'>\n\n\t<div class='ewd-ufaq-faq-title ewd-ufaq-faq-toggle'>\n\t\n\t<a class='ewd-ufaq-post-margin'  href='http:\/\/www.dgrsantiago.gov.ar\/?ufaq=cual-es-el-formulario-para-la-solicitud-y-donde-se-descarga-el-mismo'>\n\n\t\t<div class='ewd-ufaq-post-margin-symbol ewd-ufaq-square'>\n\t\t\t<span >a<\/span>\n\t\t<\/div>\n\n\t\t<div class='ewd-ufaq-faq-title-text'>\n\n\t\t\t<h4>\n\t\t\t\t\u00bfCU\u00c1L ES EL FORMULARIO PARA LA SOLICITUD Y D\u00d3NDE SE DESCARGA EL MISMO?\t\t\t<\/h4>\n\n\t\t<\/div>\n\n\t\t<div class='ewd-ufaq-clear'><\/div>\n\n\t<\/a>\n\t\n<\/div>\n\t\n\t<div class='ewd-ufaq-faq-body ewd-ufaq-hidden' >\n\n\t\t\n\t\t\t\n\t\t\n\t\t\t<div class='ewd-ufaq-post-margin ewd-ufaq-faq-post'>\n\t<p>La RG N\u00b0 24\/2021 aprueba el formulario F.777, que deber\u00e1 ser utilizado para solicitar el beneficio de contribuyente cumplidor.<!--more--><\/p>\n<p><a href=\"http:\/\/www.dgrsantiago.gov.ar\/wp-content\/uploads\/2021\/08\/DESCARGAR-F.777.pdf\">DESCARGAR F.777<\/a><\/p>\n<\/div>\n\t\t\n\t\t\t<div class='ewd-ufaq-faq-custom-fields'>\n\n\t\n<\/div>\n\t\t\n\t\t\t\n\t\t\n\t\t\t\n\t\t\n\t\t\t\n\t\t\n\t\t\t\n\t\t\n\t\t\t\n\t\t\n\t\t\t\n\t\t\n\t\t\t\n\t\t\n\t<\/div>\n\n<\/div>\n\t<\/div>\n\n\t\n<\/div>\n","protected":false},"excerpt":{"rendered":"<p>A \u00bfCU\u00c1L ES EL FORMULARIO PARA LA SOLICITUD Y D\u00d3NDE SE DESCARGA EL MISMO? La RG N\u00b0 24\/2021 aprueba el formulario F.777, que deber\u00e1 ser utilizado para solicitar el beneficio de contribuyente cumplidor. DESCARGAR F.777<\/p>\n","protected":false},"author":1,"featured_media":0,"parent":0,"menu_order":0,"comment_status":"closed","ping_status":"closed","template":"","meta":{"footnotes":""},"_links":{"self":[{"href":"http:\/\/www.dgrsantiago.gov.ar\/index.php?rest_route=\/wp\/v2\/pages\/10486"}],"collection":[{"href":"http:\/\/www.dgrsantiago.gov.ar\/index.php?rest_route=\/wp\/v2\/pages"}],"about":[{"href":"http:\/\/www.dgrsantiago.gov.ar\/index.php?rest_route=\/wp\/v2\/types\/page"}],"author":[{"embeddable":true,"href":"http:\/\/www.dgrsantiago.gov.ar\/index.php?rest_route=\/wp\/v2\/users\/1"}],"replies":[{"embeddable":true,"href":"http:\/\/www.dgrsantiago.gov.ar\/index.php?rest_route=%2Fwp%2Fv2%2Fcomments&post=10486"}],"version-history":[{"count":7,"href":"http:\/\/www.dgrsantiago.gov.ar\/index.php?rest_route=\/wp\/v2\/pages\/10486\/revisions"}],"predecessor-version":[{"id":10502,"href":"http:\/\/www.dgrsantiago.gov.ar\/index.php?rest_route=\/wp\/v2\/pages\/10486\/revisions\/10502"}],"wp:attachment":[{"href":"http:\/\/www.dgrsantiago.gov.ar\/index.php?rest_route=%2Fwp%2Fv2%2Fmedia&parent=10486"}],"curies":[{"name":"wp","href":"https:\/\/api.w.org\/{rel}","templated":true}]}}