{"id":13249,"date":"2024-12-30T14:33:05","date_gmt":"2024-12-30T14:33:05","guid":{"rendered":"http:\/\/www.dgrsantiago.gov.ar\/?page_id=13249"},"modified":"2025-01-02T13:51:18","modified_gmt":"2025-01-02T13:51:18","slug":"faq-moratoria-ley-n-7393","status":"publish","type":"page","link":"http:\/\/www.dgrsantiago.gov.ar\/?page_id=13249","title":{"rendered":"FAQ &#8211; Moratoria Ley N\u00b0 7393"},"content":{"rendered":"<p><img loading=\"lazy\" decoding=\"async\" class=\"faqcategorias alignnone wp-image-1430 size-full\" src=\"http:\/\/test.dgrsantiago.gob.ar\/wp-content\/uploads\/2017\/11\/faq.png\" alt=\"\" width=\"1920\" height=\"200\" srcset=\"http:\/\/www.dgrsantiago.gov.ar\/wp-content\/uploads\/2017\/11\/faq.png 1920w, http:\/\/www.dgrsantiago.gov.ar\/wp-content\/uploads\/2017\/11\/faq-300x31.png 300w, http:\/\/www.dgrsantiago.gov.ar\/wp-content\/uploads\/2017\/11\/faq-768x80.png 768w, http:\/\/www.dgrsantiago.gov.ar\/wp-content\/uploads\/2017\/11\/faq-1024x107.png 1024w\" sizes=\"(max-width: 1920px) 100vw, 1920px\" \/><\/p>\n<p>FAQ &#8211; Moratoria Ley N\u00b0 7393<\/p>\n<style>.ewd-ufaq-post-margin-symbol span {\nmargin-top:15px;\n}\n\n.ufaq-faq-title-text {\nfloat:left;\nwidth:90%;\nbackground-color:#9aca3c;\ncolor:white;\npadding:17px;\nmargin-bottom:17px!important;\n}<\/style><div  class=\"ewd-ufaq-faq-list ewd-ufaq-page-type-load_more\" id='ewd-ufaq-faq-list'>\n\n\t<input type='hidden' name='include_category' value='moratoria-ley-7393' id='ewd-ufaq-include-category' \/>\n<input type='hidden' name='exclude_category' value='' id='ewd-ufaq-exclude-category' \/>\n<input type='hidden' name='orderby' value='date' id='ewd-ufaq-orderby' \/>\n<input type='hidden' name='order' value='desc' id='ewd-ufaq-order' \/>\n<input type='hidden' name='post_count' value='-1' id='ewd-ufaq-post-count' \/>\n<input type='hidden' name='current_url' value='\/index.php?rest_route=%2Fwp%2Fv2%2Fpages%2F13249' id='ewd-ufaq-current-url' \/>\n\t\n\t\n\t<div class='ewd-ufaq-faqs'>\n\n\t\t<div  class=\"ewd-ufaq-faq-div ewd-ufaq-faq-column-count-one ewd-ufaq-faq-responsive-columns- ewd-ufaq-faq-display-style-default ewd-ufaq-can-be-toggled\" id='ewd-ufaq-post-13248-YWyz4aKJX7' data-post_id='13248'>\n\n\t<div class='ewd-ufaq-faq-title ewd-ufaq-faq-toggle'>\n\t\n\t<a class='ewd-ufaq-post-margin'  href='http:\/\/www.dgrsantiago.gov.ar\/?ufaq=cuales-son-los-beneficios-de-la-moratoria-2'>\n\n\t\t<div class='ewd-ufaq-post-margin-symbol ewd-ufaq-square'>\n\t\t\t<span >a<\/span>\n\t\t<\/div>\n\n\t\t<div class='ewd-ufaq-faq-title-text'>\n\n\t\t\t<h4>\n\t\t\t\t\u00bfCU\u00c1LES SON LOS BENEFICIOS DE LA MORATORIA?\t\t\t<\/h4>\n\n\t\t<\/div>\n\n\t\t<div class='ewd-ufaq-clear'><\/div>\n\n\t<\/a>\n\t\n<\/div>\n\t\n\t<div class='ewd-ufaq-faq-body ewd-ufaq-hidden' >\n\n\t\t\n\t\t\t\n\t\t\n\t\t\t<div class='ewd-ufaq-post-margin ewd-ufaq-faq-post'>\n\t<p>Se establecen los siguientes beneficios, cuando la totalidad de la deuda se cancele de contado o hasta 3 cuotas:<\/p>\n<p>&#8211;\u00a0 <u>Condonaci\u00f3n de intereses consolidados<\/u>.<\/p>\n<p>a) En un 70% en el caso de acogerse al plan especial de regularizaci\u00f3n dentro de los 30 d\u00edas corridos de entrada en vigencia de la ley, cuando la totalidad de la deuda se cancele de contado o hasta 3 cuotas;<\/p>\n<p>b) En un 60% en el caso de acogerse al plan de regularizaci\u00f3n entre 31 y 60 d\u00edas corridos de entrada en vigencia de la ley, cuando la totalidad de la deuda se cancele de contado o hasta 3 cuotas;<\/p>\n<p>c) En un 50% en el caso de acoger al plan de regularizaci\u00f3n entre 61 y 90 d\u00edas corridos de entrada en vigencia de la ley, cuando la totalidad de la deuda se cancele de contado o hasta 3 cuotas.<\/p>\n<p>d) En un 40% en el caso de acoger al plan de regularizaci\u00f3n dentro de los 90 d\u00edas corridos de entrada en vigencia de la ley, cuando la totalidad de la deuda se cancele con un plan de hasta 48 cuotas.<\/p>\n<p>&#8211;\u00a0 <u>Condonaci\u00f3n de multas del 109\u00b0 y 110\u00b0, el 100%<\/u>.<\/p>\n<\/div>\n\t\t\n\t\t\t<div class='ewd-ufaq-faq-custom-fields'>\n\n\t\n<\/div>\n\t\t\n\t\t\t\n\t\t\n\t\t\t\n\t\t\n\t\t\t\n\t\t\n\t\t\t\n\t\t\n\t\t\t\n\t\t\n\t\t\t\n\t\t\n\t\t\t\n\t\t\n\t<\/div>\n\n<\/div><div  class=\"ewd-ufaq-faq-div ewd-ufaq-faq-column-count-one ewd-ufaq-faq-responsive-columns- ewd-ufaq-faq-display-style-default ewd-ufaq-can-be-toggled\" id='ewd-ufaq-post-13245-QndKuHzBMV' data-post_id='13245'>\n\n\t<div class='ewd-ufaq-faq-title ewd-ufaq-faq-toggle'>\n\t\n\t<a class='ewd-ufaq-post-margin'  href='http:\/\/www.dgrsantiago.gov.ar\/?ufaq=que-normatva-rige-la-moratoria'>\n\n\t\t<div class='ewd-ufaq-post-margin-symbol ewd-ufaq-square'>\n\t\t\t<span >a<\/span>\n\t\t<\/div>\n\n\t\t<div class='ewd-ufaq-faq-title-text'>\n\n\t\t\t<h4>\n\t\t\t\t\u00bfQU\u00c9 NORMATVA RIGE LA MORATORIA?\t\t\t<\/h4>\n\n\t\t<\/div>\n\n\t\t<div class='ewd-ufaq-clear'><\/div>\n\n\t<\/a>\n\t\n<\/div>\n\t\n\t<div class='ewd-ufaq-faq-body ewd-ufaq-hidden' >\n\n\t\t\n\t\t\t\n\t\t\n\t\t\t<div class='ewd-ufaq-post-margin ewd-ufaq-faq-post'>\n\t<p>La Ley N\u00b0 7.393\u00a0establece un R\u00e9gimen de Regularizaci\u00f3n Tributaria,\u00a0con condenaci\u00f3n de\u00a0intereses y\u00a0multas\u00a0de los Arts. 109\u00b0\u00a0y\u00a0110\u00b0\u00a0de la Ley N\u00b0 6.792.<\/p>\n<p><a href=\"http:\/\/www.dgrsantiago.gov.ar\/wp-content\/uploads\/2024\/12\/DESCARGAR-LEY-N\u00b0-7393.pdf\">DESCARGAR LEY N\u00b0 7.393<\/a><\/p>\n<p><a href=\"http:\/\/www.dgrsantiago.gov.ar\/wp-content\/uploads\/2024\/12\/DESCARGAR-RG-42-2024.pdf\">DESCARGAR RG N\u00b0 42\/2024<\/a><\/p>\n<p><a href=\"http:\/\/www.dgrsantiago.gov.ar\/wp-content\/uploads\/2025\/03\/DESCARGAR-DTO-322-2025-RG-1053-2025.pdf\">DESCARGAR DTO 322-2025 + RS 1053-2025<\/a><\/p>\n<p><a href=\"http:\/\/www.dgrsantiago.gov.ar\/wp-content\/uploads\/2025\/04\/DESCARGAR-DTO-578-2025.pdf\">DESCARGAR DTO 578-2025 + RM 1884-2025<\/a><\/p>\n<\/div>\n\t\t\n\t\t\t<div class='ewd-ufaq-faq-custom-fields'>\n\n\t\n<\/div>\n\t\t\n\t\t\t\n\t\t\n\t\t\t\n\t\t\n\t\t\t\n\t\t\n\t\t\t\n\t\t\n\t\t\t\n\t\t\n\t\t\t\n\t\t\n\t\t\t\n\t\t\n\t<\/div>\n\n<\/div><div  class=\"ewd-ufaq-faq-div ewd-ufaq-faq-column-count-one ewd-ufaq-faq-responsive-columns- ewd-ufaq-faq-display-style-default ewd-ufaq-can-be-toggled\" id='ewd-ufaq-post-13243-1YRAZ7JYBd' data-post_id='13243'>\n\n\t<div class='ewd-ufaq-faq-title ewd-ufaq-faq-toggle'>\n\t\n\t<a class='ewd-ufaq-post-margin'  href='http:\/\/www.dgrsantiago.gov.ar\/?ufaq=como-me-adhiero-a-la-moratoria'>\n\n\t\t<div class='ewd-ufaq-post-margin-symbol ewd-ufaq-square'>\n\t\t\t<span >a<\/span>\n\t\t<\/div>\n\n\t\t<div class='ewd-ufaq-faq-title-text'>\n\n\t\t\t<h4>\n\t\t\t\t\u00bfC\u00d3MO ME ADHIERO A LA MORATORIA?\t\t\t<\/h4>\n\n\t\t<\/div>\n\n\t\t<div class='ewd-ufaq-clear'><\/div>\n\n\t<\/a>\n\t\n<\/div>\n\t\n\t<div class='ewd-ufaq-faq-body ewd-ufaq-hidden' >\n\n\t\t\n\t\t\t\n\t\t\n\t\t\t<div class='ewd-ufaq-post-margin ewd-ufaq-faq-post'>\n\t<p>Para adherirse a la Moratoria, el contribuyente deber\u00e1 seguir los pasos indicados en el siguiente instructivo.<\/p>\n<p><a href=\"http:\/\/www.dgrsantiago.gov.ar\/wp-content\/uploads\/2024\/12\/Instructivo-Moratoria-Ley-7393.pdf\">INSTRUCTIVO MORATORIA LEY N\u00b0 7.393<\/a><\/p>\n<p>\u00a0<\/p>\n<\/div>\n\t\t\n\t\t\t<div class='ewd-ufaq-faq-custom-fields'>\n\n\t\n<\/div>\n\t\t\n\t\t\t\n\t\t\n\t\t\t\n\t\t\n\t\t\t\n\t\t\n\t\t\t\n\t\t\n\t\t\t\n\t\t\n\t\t\t\n\t\t\n\t\t\t\n\t\t\n\t<\/div>\n\n<\/div><div  class=\"ewd-ufaq-faq-div ewd-ufaq-faq-column-count-one ewd-ufaq-faq-responsive-columns- ewd-ufaq-faq-display-style-default ewd-ufaq-can-be-toggled\" id='ewd-ufaq-post-13242-eVD7HXybpx' data-post_id='13242'>\n\n\t<div class='ewd-ufaq-faq-title ewd-ufaq-faq-toggle'>\n\t\n\t<a class='ewd-ufaq-post-margin'  href='http:\/\/www.dgrsantiago.gov.ar\/?ufaq=que-obligaciones-se-encuentran-incluidas-2'>\n\n\t\t<div class='ewd-ufaq-post-margin-symbol ewd-ufaq-square'>\n\t\t\t<span >a<\/span>\n\t\t<\/div>\n\n\t\t<div class='ewd-ufaq-faq-title-text'>\n\n\t\t\t<h4>\n\t\t\t\t\u00bfQU\u00c9 OBLIGACIONES SE ENCUENTRAN INCLUIDAS?\t\t\t<\/h4>\n\n\t\t<\/div>\n\n\t\t<div class='ewd-ufaq-clear'><\/div>\n\n\t<\/a>\n\t\n<\/div>\n\t\n\t<div class='ewd-ufaq-faq-body ewd-ufaq-hidden' >\n\n\t\t\n\t\t\t\n\t\t\n\t\t\t<div class='ewd-ufaq-post-margin ewd-ufaq-faq-post'>\n\t<p>Quedan incluidas en el presente r\u00e9gimen las siguientes obligaciones sin perjuicio de hallarse exteriorizadas o no:<\/p>\n<p>a) Las provenientes de declaraciones juradas, determinaciones de oficio, anticipos, y pagos a cuenta.<\/p>\n<p>b) Las que se encuentren en curso de discusi\u00f3n administrativa, contencioso administrativo o en cobro ejecutivo, incluso aquellas con sentencia firme a la fecha de sanci\u00f3n de la presente ley.<\/p>\n<p>c) Las provenientes de retenciones, percepciones o recaudaciones omitidas.<\/p>\n<p>d) Saldos impagos de los planes de facilidades de pago previstos en el C\u00f3digo Fiscal, vigentes o no.<\/p>\n<\/div>\n\t\t\n\t\t\t<div class='ewd-ufaq-faq-custom-fields'>\n\n\t\n<\/div>\n\t\t\n\t\t\t\n\t\t\n\t\t\t\n\t\t\n\t\t\t\n\t\t\n\t\t\t\n\t\t\n\t\t\t\n\t\t\n\t\t\t\n\t\t\n\t\t\t\n\t\t\n\t<\/div>\n\n<\/div><div  class=\"ewd-ufaq-faq-div ewd-ufaq-faq-column-count-one ewd-ufaq-faq-responsive-columns- ewd-ufaq-faq-display-style-default ewd-ufaq-can-be-toggled\" id='ewd-ufaq-post-13239-AO7d5AC7mb' data-post_id='13239'>\n\n\t<div class='ewd-ufaq-faq-title ewd-ufaq-faq-toggle'>\n\t\n\t<a class='ewd-ufaq-post-margin'  href='http:\/\/www.dgrsantiago.gov.ar\/?ufaq=quienes-se-encuentran-excluidos-del-regimen-2'>\n\n\t\t<div class='ewd-ufaq-post-margin-symbol ewd-ufaq-square'>\n\t\t\t<span >a<\/span>\n\t\t<\/div>\n\n\t\t<div class='ewd-ufaq-faq-title-text'>\n\n\t\t\t<h4>\n\t\t\t\t\u00bfQUI\u00c9NES SE ENCUENTRAN EXCLUIDOS DEL R\u00c9GIMEN?\t\t\t<\/h4>\n\n\t\t<\/div>\n\n\t\t<div class='ewd-ufaq-clear'><\/div>\n\n\t<\/a>\n\t\n<\/div>\n\t\n\t<div class='ewd-ufaq-faq-body ewd-ufaq-hidden' >\n\n\t\t\n\t\t\t\n\t\t\n\t\t\t<div class='ewd-ufaq-post-margin ewd-ufaq-faq-post'>\n\t<p>Quedan excluidos del r\u00e9gimen de regularizaci\u00f3n tributaria los siguientes contribuyentes y responsables:<br \/>\na) Aquellos, que a la fecha de acogimiento en el presente r\u00e9gimen hayan sido declarados en Estado de Quiebra conforme a la Ley N\u00b0 24.522 y sus modificatorias;<br \/>\nb) Contribuyentes, que a la fecha de acogimiento hayan sido denunciados formalmente o querellados penalmente por delitos comunes que tengan conexi\u00f3n con el incumplimiento de sus obligaciones tributarias o de terceros. Al momento del acogimiento el contribuyente o responsable presentar\u00e1 declaraci\u00f3n jurada sobre la inexistencia de las causales se\u00f1aladas.<br \/>\nc) Aquellos a quienes se les haya aplicado la multa prevista en el Art. 111\u00b0 del C\u00f3digo Fiscal.<br \/>\nd) Los agentes de Retenci\u00f3n, Percepci\u00f3n y\/o Recaudaci\u00f3n, por los importes retenidos, percibidos o recaudados y no ingresados.<br \/>\nEn caso de verificarse algunas de las causales mencionadas, producir\u00e1 la caducidad inmediata y de pleno derecho del r\u00e9gimen.<br \/>\nAdem\u00e1s, se proceder\u00e1 con la interposici\u00f3n de la denuncia penal correspondiente.<\/p>\n<\/div>\n\t\t\n\t\t\t<div class='ewd-ufaq-faq-custom-fields'>\n\n\t\n<\/div>\n\t\t\n\t\t\t\n\t\t\n\t\t\t\n\t\t\n\t\t\t\n\t\t\n\t\t\t\n\t\t\n\t\t\t\n\t\t\n\t\t\t\n\t\t\n\t\t\t\n\t\t\n\t<\/div>\n\n<\/div>\n\t<\/div>\n\n\t\n<\/div>\n","protected":false},"excerpt":{"rendered":"<p>A \u00bfQUI\u00c9NES SE ENCUENTRAN EXCLUIDOS DEL R\u00c9GIMEN? Quedan excluidos del r\u00e9gimen de regularizaci\u00f3n tributaria los siguientes contribuyentes y responsables: a) Aquellos, que a la fecha de acogimiento en el presente r\u00e9gimen hayan sido declarados en Estado de Quiebra conforme a la Ley N\u00b0 24.522 y sus modificatorias; b) Contribuyentes, que<\/p>\n","protected":false},"author":7,"featured_media":0,"parent":0,"menu_order":0,"comment_status":"closed","ping_status":"closed","template":"","meta":{"footnotes":""},"_links":{"self":[{"href":"http:\/\/www.dgrsantiago.gov.ar\/index.php?rest_route=\/wp\/v2\/pages\/13249"}],"collection":[{"href":"http:\/\/www.dgrsantiago.gov.ar\/index.php?rest_route=\/wp\/v2\/pages"}],"about":[{"href":"http:\/\/www.dgrsantiago.gov.ar\/index.php?rest_route=\/wp\/v2\/types\/page"}],"author":[{"embeddable":true,"href":"http:\/\/www.dgrsantiago.gov.ar\/index.php?rest_route=\/wp\/v2\/users\/7"}],"replies":[{"embeddable":true,"href":"http:\/\/www.dgrsantiago.gov.ar\/index.php?rest_route=%2Fwp%2Fv2%2Fcomments&post=13249"}],"version-history":[{"count":1,"href":"http:\/\/www.dgrsantiago.gov.ar\/index.php?rest_route=\/wp\/v2\/pages\/13249\/revisions"}],"predecessor-version":[{"id":13250,"href":"http:\/\/www.dgrsantiago.gov.ar\/index.php?rest_route=\/wp\/v2\/pages\/13249\/revisions\/13250"}],"wp:attachment":[{"href":"http:\/\/www.dgrsantiago.gov.ar\/index.php?rest_route=%2Fwp%2Fv2%2Fmedia&parent=13249"}],"curies":[{"name":"wp","href":"https:\/\/api.w.org\/{rel}","templated":true}]}}