{"id":166,"date":"2017-07-20T20:45:47","date_gmt":"2017-07-20T20:45:47","guid":{"rendered":"http:\/\/www.dgrsantiago.gob.ar\/?page_id=166"},"modified":"2025-01-02T13:04:24","modified_gmt":"2025-01-02T13:04:24","slug":"consultasmenu-2","status":"publish","type":"page","link":"http:\/\/www.dgrsantiago.gov.ar\/?page_id=166","title":{"rendered":"ConsultasMenu"},"content":{"rendered":"<div id=\"pl-166\" class=\"panel-layout\">\n<div id=\"pg-166-0\" class=\"panel-grid panel-has-style\" data-style=\"{&quot;row_css&quot;:&quot;margin-bottom:70px;&quot;,&quot;background_display&quot;:&quot;tile&quot;,&quot;row_stretch&quot;:&quot;full-stretched&quot;,&quot;cell_alignment&quot;:&quot;flex-start&quot;}\">\n<div class=\"siteorigin-panels-stretch panel-row-style panel-row-style-for-166-0\" data-stretch-type=\"full-stretched\">\n<div id=\"pgc-166-0-0\" class=\"panel-grid-cell\" data-style=\"{&quot;background_display&quot;:&quot;tile&quot;,&quot;vertical_alignment&quot;:&quot;auto&quot;}\" data-weight=\"0.5\">\n<div id=\"panel-166-0-0-0\" class=\"so-panel widget widget_media_image panel-first-child\" data-index=\"0\" data-style=\"{&quot;id&quot;:&quot;imagenfaq&quot;,&quot;background_display&quot;:&quot;tile&quot;}\">\n<div id=\"imagenfaq\" class=\"panel-widget-style panel-widget-style-for-166-0-0-0\"><img loading=\"lazy\" decoding=\"async\" class=\"image wp-image-1416 attachment-full size-full\" style=\"max-width: 100%; height: auto;\" src=\"http:\/\/test.dgrsantiago.gob.ar\/wp-content\/uploads\/2017\/07\/img.png\" sizes=\"(max-width: 924px) 100vw, 924px\" srcset=\"http:\/\/test.dgrsantiago.gob.ar\/wp-content\/uploads\/2017\/07\/img.png 924w, http:\/\/test.dgrsantiago.gob.ar\/wp-content\/uploads\/2017\/07\/img-300x60.png 300w, http:\/\/test.dgrsantiago.gob.ar\/wp-content\/uploads\/2017\/07\/img-768x153.png 768w\" alt=\"\" width=\"924\" height=\"184\" \/><\/div>\n<\/div>\n<div id=\"panel-166-0-0-1\" class=\"so-panel widget widget_sow-image panel-last-child\" data-index=\"1\" data-style=\"{&quot;id&quot;:&quot;spcl-hover-img&quot;,&quot;widget_css&quot;:&quot;width:100% !important;width: 807px; height: 490px;&quot;,&quot;background_display&quot;:&quot;tile&quot;}\">\n<div id=\"spcl-hover-img\" class=\"panel-widget-style panel-widget-style-for-166-0-0-1\">\n<div class=\"so-widget-sow-image so-widget-sow-image-default-46f30e3d504b\">\n<div class=\"sow-image-container\"><img loading=\"lazy\" decoding=\"async\" class=\"so-widget-image\" title=\"Untitled\" src=\"http:\/\/test.dgrsantiago.gob.ar\/wp-content\/uploads\/2017\/07\/Untitled-2.jpg\" sizes=\"(max-width: 897px) 100vw, 897px\" srcset=\"http:\/\/test.dgrsantiago.gob.ar\/wp-content\/uploads\/2017\/07\/Untitled-2.jpg 897w, http:\/\/test.dgrsantiago.gob.ar\/wp-content\/uploads\/2017\/07\/Untitled-2-300x197.jpg 300w, http:\/\/test.dgrsantiago.gob.ar\/wp-content\/uploads\/2017\/07\/Untitled-2-768x503.jpg 768w\" width=\"897\" height=\"588\" \/><\/div>\n<\/div>\n<\/div>\n<\/div>\n<\/div>\n<div id=\"pgc-166-0-1\" class=\"panel-grid-cell\" data-style=\"{&quot;background_display&quot;:&quot;tile&quot;,&quot;vertical_alignment&quot;:&quot;auto&quot;}\" data-weight=\"0.5\">\n<div id=\"panel-166-0-1-0\" class=\"so-panel widget widget_text panel-first-child panel-last-child\" data-index=\"2\" data-style=\"{&quot;background_image_attachment&quot;:false,&quot;background_display&quot;:&quot;tile&quot;}\">\n<ul id=\"listaacceso\" style=\"list-style: none;\">\n<li id=\"linkacceso\"><a href=\"http:\/\/www.dgrsantiago.gov.ar\/?page_id=5426\">Agente de Percepci\u00f3n<\/a><\/li>\n<li id=\"linkacceso\"><a href=\"http:\/\/www.dgrsantiago.gov.ar\/?page_id=724\">Agente de Retenci\u00f3n<\/a><\/li>\n<li id=\"linkacceso\"><a href=\"http:\/\/www.dgrsantiago.gov.ar\/?page_id=778\">Automotor<\/a><\/li>\n<li id=\"linkacceso\"><a href=\"http:\/\/www.dgrsantiago.gov.ar\/?page_id=10486\">Contribuyente Cumplidor<\/a><\/li>\n<li id=\"linkacceso\"><a href=\"http:\/\/www.dgrsantiago.gov.ar\/?page_id=5903\">Convenio Multilateral<\/a><\/li>\n<li id=\"linkacceso\"><a href=\"http:\/\/www.dgrsantiago.gov.ar\/?page_id=3463\">Domicilio Fiscal Electr\u00f3nico<\/a><\/li>\n<li id=\"linkacceso\"><a href=\"http:\/\/www.dgrsantiago.gov.ar\/?page_id=746\">Exenciones<\/a><\/li>\n<li id=\"linkacceso\"><a href=\"http:\/\/www.dgrsantiago.gov.ar\/?page_id=733\">Fondo de Reparaci\u00f3n Social<\/a><\/li>\n<li id=\"linkacceso\"><a href=\"http:\/\/www.dgrsantiago.gov.ar\/?page_id=5732\">Gu\u00eda Electr\u00f3nica de Productos Primarios en Tr\u00e1nsito<\/a><\/li>\n<li id=\"linkacceso\"><a href=\"http:\/\/www.dgrsantiago.gov.ar\/?page_id=794\">Inmobiliario<\/a><\/li>\n<li id=\"linkacceso\"><a href=\"http:\/\/www.dgrsantiago.gov.ar\/?page_id=671\">Ingresos Brutos<\/a><\/li>\n<li id=\"linkacceso\"><a href=\"http:\/\/www.dgrsantiago.gov.ar\/?page_id=831\">Medios de Pago<\/a><\/li>\n<li id=\"linkacceso\"><a href=\"http:\/\/www.dgrsantiago.gov.ar\/?page_id=8341\">Moratoria Ley N\u00b0 7302<\/a><\/li>\n<li id=\"linkacceso\"><a href=\"http:\/\/www.dgrsantiago.gov.ar\/?page_id=13249\">Moratoria Ley N\u00b0 7393<\/a><\/li>\n<li id=\"linkacceso\"><a href=\"http:\/\/www.dgrsantiago.gov.ar\/?page_id=2487\">Plan de Pago Permanente\u00a0<\/a><\/li>\n<li id=\"linkacceso\"><a href=\"http:\/\/www.dgrsantiago.gov.ar\/?page_id=811\">Sellos<\/a><\/li>\n<li id=\"linkacceso\"><a href=\"http:\/\/www.dgrsantiago.gov.ar\/?page_id=1332\">Tasas<\/a><\/li>\n<li id=\"linkacceso\"><\/li>\n<li><\/li>\n<\/ul>\n<\/div>\n<\/div>\n<\/div>\n<\/div>\n<\/div>\n","protected":false},"excerpt":{"rendered":"<p>Agente de Percepci\u00f3n Agente de Retenci\u00f3n Automotor Contribuyente Cumplidor Convenio Multilateral Domicilio Fiscal Electr\u00f3nico Exenciones Fondo de Reparaci\u00f3n Social Gu\u00eda Electr\u00f3nica de Productos Primarios en Tr\u00e1nsito Inmobiliario Ingresos Brutos Medios de Pago Moratoria Ley N\u00b0 7302 Moratoria Ley N\u00b0 7393 Plan de Pago Permanente\u00a0 Sellos Tasas<\/p>\n","protected":false},"author":1,"featured_media":0,"parent":0,"menu_order":0,"comment_status":"closed","ping_status":"closed","template":"","meta":{"footnotes":""},"_links":{"self":[{"href":"http:\/\/www.dgrsantiago.gov.ar\/index.php?rest_route=\/wp\/v2\/pages\/166"}],"collection":[{"href":"http:\/\/www.dgrsantiago.gov.ar\/index.php?rest_route=\/wp\/v2\/pages"}],"about":[{"href":"http:\/\/www.dgrsantiago.gov.ar\/index.php?rest_route=\/wp\/v2\/types\/page"}],"author":[{"embeddable":true,"href":"http:\/\/www.dgrsantiago.gov.ar\/index.php?rest_route=\/wp\/v2\/users\/1"}],"replies":[{"embeddable":true,"href":"http:\/\/www.dgrsantiago.gov.ar\/index.php?rest_route=%2Fwp%2Fv2%2Fcomments&post=166"}],"version-history":[{"count":211,"href":"http:\/\/www.dgrsantiago.gov.ar\/index.php?rest_route=\/wp\/v2\/pages\/166\/revisions"}],"predecessor-version":[{"id":13258,"href":"http:\/\/www.dgrsantiago.gov.ar\/index.php?rest_route=\/wp\/v2\/pages\/166\/revisions\/13258"}],"wp:attachment":[{"href":"http:\/\/www.dgrsantiago.gov.ar\/index.php?rest_route=%2Fwp%2Fv2%2Fmedia&parent=166"}],"curies":[{"name":"wp","href":"https:\/\/api.w.org\/{rel}","templated":true}]}}