{"id":453,"date":"2017-07-26T01:45:52","date_gmt":"2017-07-26T01:45:52","guid":{"rendered":"http:\/\/www.dgrsantiago.gob.ar\/?page_id=453"},"modified":"2017-12-06T14:54:43","modified_gmt":"2017-12-06T14:54:43","slug":"lugares-de-pago","status":"publish","type":"page","link":"http:\/\/www.dgrsantiago.gov.ar\/?page_id=453","title":{"rendered":"Lugares de Pago"},"content":{"rendered":"<div id=\"pl-453\"  class=\"panel-layout\" ><div id=\"pg-453-0\"  class=\"panel-grid panel-has-style\" ><div class=\"siteorigin-panels-stretch panel-row-style panel-row-style-for-453-0\" data-stretch-type=\"full-stretched\" ><div id=\"pgc-453-0-0\"  class=\"panel-grid-cell\" ><div id=\"panel-453-0-0-0\" class=\"so-panel widget widget_text panel-first-child panel-last-child\" data-index=\"0\" >\t\t\t<div class=\"textwidget\"><p style=\"text-align: center;\"><img loading=\"lazy\" decoding=\"async\" class=\"alignnone size-full wp-image-450\" src=\"http:\/\/www.dgrsantiago.gob.ar\/wp-content\/uploads\/2017\/07\/Untitled-6.jpg\" sizes=\"(max-width: 1260px) 100vw, 1260px\" srcset=\"http:\/\/www.dgrsantiago.gob.ar\/wp-content\/uploads\/2017\/07\/Untitled-6.jpg 1260w, http:\/\/www.dgrsantiago.gob.ar\/wp-content\/uploads\/2017\/07\/Untitled-5-300x106.jpg 300w, http:\/\/www.dgrsantiago.gob.ar\/wp-content\/uploads\/2017\/07\/Untitled-5-768x272.jpg 768w, http:\/\/www.dgrsantiago.gob.ar\/wp-content\/uploads\/2017\/07\/Untitled-5-1024x362.jpg 1024w\" alt=\"\" width=\"1260\" height=\"446\" \/><\/p>\n<div><\/div>\n<div><\/div>\n<div style=\"text-align: center; margin-top: 40px;\"><span class=\"Estilo7\"><strong>Banco Santiago del Estero<\/strong><br \/>\n<\/span><span class=\"Estilo7\"><span class=\"Estilo13\">CASA CENTRAL<\/span><br \/>\nDirecci\u00f3n: Av. Belgrano (s) N\u00ba 529\/37<br \/>\nLocalidad: Santiago del Estero.<br \/>\nC\u00f3digo Postal: 4200<br \/>\nDepartamento: Capital<br \/>\nTel.: (0385) 450-2300<br \/>\nFax: (0385) 450-2316<\/span><\/div>\n<div><\/div>\n<div><\/div>\n<div style=\"text-align: center;\">\n<p><span class=\"Estilo12\"><strong>Banco Santiago del Estero<\/strong>\u00a0<\/span><br \/>\nSucursal\u00a0<span class=\"Estilo13\">A\u00d1ATUYA<\/span><br \/>\nDirecci\u00f3n: 9 de Julio N\u00ba 93<br \/>\nLocalidad: A\u00f1atuya<br \/>\nDepartamento: General Taboada<br \/>\nC\u00f3digo Postal: 3760<br \/>\nTel. Fax: (03844) 421-030\/ 421-206<\/p>\n<\/div>\n<div style=\"text-align: center;\">\n<p><span class=\"Estilo12\"><strong>Banco Santiago del Estero<\/strong>\u00a0<\/span><br \/>\nSucursal\u00a0<span class=\"Estilo13\">BANDERA<\/span><br \/>\nDirecci\u00f3n: Av. del los Agricultores y San Mart\u00edn<br \/>\nLocalidad: Bandera<br \/>\nDepartamento: Belgrano<br \/>\nC\u00f3digo Postal: 3064<br \/>\nTel. Fax: (03857) 422-182\/ 421-244<\/p>\n<p><span class=\"Estilo12\"><strong>Banco Santiago del Estero<\/strong>\u00a0<\/span><br \/>\nSucursal\u00a0<span class=\"Estilo13\">BUENOS AIRES<\/span><br \/>\nDirecci\u00f3n: Reconquista N\u00ba 353CAPITAL FEDERAL<br \/>\nC\u00f3digo Postal: 1005<br \/>\nTel.Fax: (011) 4326-2434<\/p>\n<p><span class=\"Estilo12\"><strong>Banco Santiago del Estero<\/strong>\u00a0<\/span><br \/>\nSucursal\u00a0<span class=\"Estilo13\">CLODOMIRA<\/span><br \/>\nDirecci\u00f3n: Rep\u00fablica 269<br \/>\nLocalidad: Clodomira<br \/>\nDepartamento: Banda<br \/>\nC\u00f3digo Postal: 4338<br \/>\nTel.: (0385) 492-1459<\/p>\n<p><span class=\"Estilo12\"><strong>Banco Santiago del Estero<\/strong>\u00a0<\/span><br \/>\nSucursal\u00a0<span class=\"Estilo13\">COLONIA DORA<\/span><br \/>\nDirecci\u00f3n: Corrientes s\/n<br \/>\nLocalidad: Colonia Dora<br \/>\nDepartamento: Avellaneda<br \/>\nC\u00f3digo Postal: 4332<br \/>\nTel.Fax: (03844) 481-088<\/p>\n<p><span class=\"Estilo12\"><strong>Banco Santiago del Estero<\/strong>\u00a0<\/span><br \/>\nSucursal\u00a0<span class=\"Estilo13\">FERNANDEZ<\/span><br \/>\nDirecci\u00f3n: Libertad N\u00ba 325<br \/>\nLocalidad: Fernandez<br \/>\nDepartamento: Robles<br \/>\nC\u00f3digo Postal: 4322<br \/>\nTel.: (0385) 491-1587 &#8211; 491-1441<\/p>\n<p><span class=\"Estilo12\"><strong>Banco Santiago del Estero<\/strong>\u00a0<\/span><br \/>\nSucursal<span class=\"Estilo13\">\u00a0FRIAS<\/span><br \/>\nDirecci\u00f3n: Eva Per\u00f3n Esq. J. F. Ibarra<br \/>\nLocalidad: Fr\u00edas<br \/>\nDepartamento: Choya<br \/>\nC\u00f3digo Postal: 4230<br \/>\nTel. Fax: (03854) 421-065 \/ 423431<\/p>\n<p><span class=\"Estilo12\"><strong>Banco Santiago del Estero<\/strong>\u00a0<\/span><br \/>\nSucursal\u00a0<span class=\"Estilo13\">LA BANDA<\/span><br \/>\nDirecci\u00f3n: Rivadavia N\u00ba 239<br \/>\nLocalidad: La Banda<br \/>\nDepartamento: Banda<br \/>\nC\u00f3digo Postal: 4300<br \/>\nTel.Fax: (0385) 427-2995<\/p>\n<p><span class=\"Estilo12\"><strong>Banco Santiago del Estero<\/strong>\u00a0<\/span><br \/>\nSucursal\u00a0<span class=\"Estilo13\">LORETO<\/span><br \/>\nDirecci\u00f3n: Independencia 150<br \/>\nLocalidad: Loreto<br \/>\nDepartamento: Loreto<br \/>\nC\u00f3digo Postal: 4208<br \/>\nTel. Fax: (03845) 420-755 \/ 420-013<\/p>\n<p><span class=\"Estilo12\"><strong>Banco Santiago del Estero<\/strong>\u00a0<\/span><br \/>\nSucursal<span class=\"Estilo13\">\u00a0LOS JURIES<\/span><br \/>\nDirecci\u00f3n: Av. San Martin s\/n<br \/>\nLocalidad: Los Jur\u00edes<br \/>\nDepartamento: General Taboada<br \/>\nC\u00f3digo Postal: 3773<br \/>\nTel.: (03857) 471-025 \/ 471-247<\/p>\n<p><span class=\"Estilo12\"><strong>Banco Santiago del Estero<\/strong>\u00a0<\/span><br \/>\nSucursal\u00a0<span class=\"Estilo13\">MONTE QUEMADO<\/span><br \/>\nDirecci\u00f3n: Francisco Solano y Belgrano<br \/>\nLocalidad: Monte Quemado<br \/>\nDepart amento: Copo<br \/>\nC\u00f3digo Postal: 3714<br \/>\nTel. Fax: (03841) 421-131<\/p>\n<p><span class=\"Estilo12\"><strong>Banco Santiago del Estero<\/strong>\u00a0<\/span><br \/>\nSucursal<span class=\"Estilo13\">\u00a0NUEVA ESPERANZA<\/span><br \/>\nDirecci\u00f3n: 27 de Abril 345<br \/>\nLocalidad: Nueva Esperanza<br \/>\nDepartamento: Pellegrini<br \/>\nC\u00f3digo Postal: 4197<br \/>\nTel. Fax: (03861) 421-280<\/p>\n<p><span class=\"Estilo12\"><strong>Banco Santiago del Estero<\/strong>\u00a0<\/span><br \/>\nSucursal\u00a0<span class=\"Estilo13\">OJO DE AGUA<\/span><br \/>\nDirecci\u00f3n: 25 de Mayo s\/n<br \/>\nLocalidad: Ojo de Agua<br \/>\nDepartamento: Ojo de Agua<br \/>\nC\u00f3digo Postal: 5250<br \/>\nTel. Fax: (03856) 421-481 \/ 421-024<\/p>\n<p><span class=\"Estilo12\"><strong>Banco Santiago del Estero<\/strong>\u00a0<\/span><br \/>\nSucursal\u00a0<span class=\"Estilo13\">PAMPA DE LOS GUANACOS<\/span><br \/>\nDirecci\u00f3n: Av. 27 de Abril s\/n<br \/>\nLocalidad: Pampa de los Guanacos<br \/>\nDepartamento: Copo<br \/>\nC\u00f3digo Postal: 3712<br \/>\nTel.Fax: (03841) 491-099<\/p>\n<p><span class=\"Estilo12\"><strong>Banco Santiago del Estero<\/strong>\u00a0<\/span><br \/>\nSucursal\u00a0<span class=\"Estilo13\">PINTO<\/span><br \/>\nDirecci\u00f3n: Av. Del Libertador N\u00ba 258<br \/>\nLocalidad: Pinto<br \/>\nDepartamento: Aguirre<br \/>\nC\u00f3digo Postal: 2356<br \/>\nTel. Fax: (03857) 481-120<\/p>\n<p><span class=\"Estilo12\"><strong>Banco Santiago del Estero<\/strong>\u00a0<\/span><br \/>\nSucursal\u00a0<span class=\"Estilo13\">QUIMILI<\/span><br \/>\nDirecci\u00f3n: Rivadavia y Obispo Yanis<br \/>\nLocalidad: Quimil\u00ed<br \/>\nDepartamento: Moreno<br \/>\nC\u00f3digo Postal: 3740<br \/>\nTel. Fax: (03843) 421-002<\/p>\n<p><span class=\"Estilo12\"><strong>Banco Santiago del Estero<\/strong>\u00a0<\/span><br \/>\nSucursal\u00a0<span class=\"Estilo13\">SAN PEDRO DE GUASAY\u00c1N<\/span><br \/>\nDirecci\u00f3n: Maip\u00fa N\u00ba 331<br \/>\nLocalidad: San Pedro de Guasay\u00e1n<br \/>\nDepartamento: Guasay\u00e1n<br \/>\nC\u00f3digo Postal: 4238<br \/>\nTel.Fax: (03854) 493-074 \/ 493-001<\/p>\n<p><span class=\"Estilo12\"><strong>Banco Santiago del Estero<\/strong>\u00a0<\/span><br \/>\nSucursal\u00a0<span class=\"Estilo13\">SELVA<\/span><br \/>\nDirecci\u00f3n: Alejandro Seitz N\u00ba 266<br \/>\nLocalidad: Selva<br \/>\nDepartamento: Rivadavia<br \/>\nC\u00f3digo Postal: 2354<br \/>\nTel. Fax: (03857) 495-006<\/p>\n<p><span class=\"Estilo12\"><strong>Banco Santiago del Estero<\/strong>\u00a0<\/span><br \/>\nSucursal\u00a0<span class=\"Estilo13\">SUMAMPA<\/span><br \/>\nDirecci\u00f3n: Av. San Mart\u00edn y Eva Per\u00f3n<br \/>\nLocalidad: Sumampa<br \/>\nDepartamento: Quebrachos<br \/>\nC\u00f3digo Postal: 5253<br \/>\nTel. Fa x: (03856) 491-020 \/ 421-270<\/p>\n<p><span class=\"Estilo12\"><strong>Banco Santiago del Estero<\/strong>\u00a0<\/span><br \/>\nSucursal\u00a0<span class=\"Estilo13\">SUNCHO CORRAL<\/span><br \/>\nDirecci\u00f3n: San Mart\u00edn s\/n<br \/>\nLocalidad: Suncho Corral<br \/>\nDepartamento: Juan Felipe Ibarra<br \/>\nC\u00f3digo Postal: 4350<br \/>\nTel. Fax: (03855) 421-023<\/p>\n<p><span class=\"Estilo12\"><strong>Banco Santiago del Estero<\/strong>\u00a0<\/span><br \/>\nSucursal\u00a0<span class=\"Estilo13\">TERMAS DE RIO HONDO<\/span><br \/>\nDirecci\u00f3n: Rivadavia 215<br \/>\nLocalidad: Termas de R\u00edo Hondo<br \/>\nDepartamento: R\u00edo Hondo<br \/>\nC\u00f3digo Postal: 4220<br \/>\nTel. Fax: (03858) 421-465 \/ 423-429<\/p>\n<p><span class=\"Estilo12\"><strong>Banco Santiago del Estero<\/strong>\u00a0<\/span><br \/>\nSucursal\u00a0<span class=\"Estilo13\">TINTINA<\/span><br \/>\nDirecci\u00f3n: Sarmiento esq. San Juan<br \/>\nLocalidad: Tintina<br \/>\nDepartamento: Moreno<br \/>\nC\u00f3digo Postal: 3743<br \/>\nTel. Fax: (03848) 421-005<\/p>\n<p><span class=\"Estilo12\"><strong>Banco Santiago del Estero<\/strong>\u00a0<\/span><br \/>\nSucursal\u00a0<span class=\"Estilo13\">TRIBUNALES<\/span><br \/>\nDirecci\u00f3n: Absal\u00f3n Rojas N\u00ba 502<br \/>\nLocalidad: Santiago del Estero<br \/>\nDepartamento: Capital<br \/>\nC\u00f3digo Postal: 4200<br \/>\nTel. Fax (0385) 421-1825 \/ 421-5910 \/ 450-2399<\/p>\n<p>&nbsp;<\/p>\n<\/div>\n<\/div>\n\t\t<\/div><\/div><\/div><\/div><div id=\"pg-453-1\"  class=\"panel-grid panel-has-style\" ><div class=\"siteorigin-panels-stretch panel-row-style panel-row-style-for-453-1\" data-stretch-type=\"full-stretched\" ><div id=\"pgc-453-1-0\"  class=\"panel-grid-cell\" ><div class=\"special-img-btn panel-cell-style panel-cell-style-for-453-1-0\" ><div id=\"panel-453-1-0-0\" class=\"so-panel widget widget_sow-image panel-first-child panel-last-child\" data-index=\"1\" ><div class=\"panel-widget-style panel-widget-style-for-453-1-0-0\" ><div\n\t\t\t\n\t\t\tclass=\"so-widget-sow-image so-widget-sow-image-default-c67d20f9f743-453\"\n\t\t\t\n\t\t>\n\n<div class=\"sow-image-container\">\n\t\t\t<a href=\"http:\/\/boletaelectronica.dgrsantiago.gov.ar\"\n\t\t\t\t\t>\n\t\t\t<img loading=\"lazy\" decoding=\"async\" src=\"http:\/\/www.dgrsantiago.gov.ar\/wp-content\/uploads\/2017\/07\/logoBoletaMail.png\" width=\"120\" height=\"45\" sizes=\"(max-width: 120px) 100vw, 120px\" alt=\"\" \t\tclass=\"so-widget-image\"\/>\n\t<\/a><\/div>\n\n<\/div><\/div><\/div><\/div><\/div><div id=\"pgc-453-1-1\"  class=\"panel-grid-cell\" ><div class=\"special-img-btn panel-cell-style panel-cell-style-for-453-1-1\" ><div id=\"panel-453-1-1-0\" class=\"so-panel widget widget_sow-image panel-first-child panel-last-child\" data-index=\"2\" ><div class=\"panel-widget-style panel-widget-style-for-453-1-1-0\" ><div\n\t\t\t\n\t\t\tclass=\"so-widget-sow-image so-widget-sow-image-default-c67d20f9f743-453\"\n\t\t\t\n\t\t>\n\n<div class=\"sow-image-container\">\n\t\t\t<a href=\"http:\/\/app.dgrsantiago.gov.ar\"\n\t\t\t\t\t>\n\t\t\t<img loading=\"lazy\" decoding=\"async\" src=\"http:\/\/www.dgrsantiago.gov.ar\/wp-content\/uploads\/2017\/07\/Untitled-5.png\" width=\"109\" height=\"51\" sizes=\"(max-width: 109px) 100vw, 109px\" title=\"Untitled\" alt=\"\" \t\tclass=\"so-widget-image\"\/>\n\t<\/a><\/div>\n\n<\/div><\/div><\/div><\/div><\/div><div id=\"pgc-453-1-2\"  class=\"panel-grid-cell\" ><div class=\"special-img-btn panel-cell-style panel-cell-style-for-453-1-2\" ><div id=\"panel-453-1-2-0\" class=\"so-panel widget widget_sow-image panel-first-child panel-last-child\" data-index=\"3\" ><div class=\"panel-widget-style panel-widget-style-for-453-1-2-0\" ><div\n\t\t\t\n\t\t\tclass=\"so-widget-sow-image so-widget-sow-image-default-c67d20f9f743-453\"\n\t\t\t\n\t\t>\n\n<div class=\"sow-image-container\">\n\t\t\t<a href=\"http:\/\/conducta.dgrsantiago.gov.ar\"\n\t\t\t\t\t>\n\t\t\t<img loading=\"lazy\" decoding=\"async\" src=\"http:\/\/www.dgrsantiago.gov.ar\/wp-content\/uploads\/2017\/07\/Untitled-6.png\" width=\"182\" height=\"43\" sizes=\"(max-width: 182px) 100vw, 182px\" title=\"Untitled\" alt=\"\" \t\tclass=\"so-widget-image\"\/>\n\t<\/a><\/div>\n\n<\/div><\/div><\/div><\/div><\/div><\/div><\/div><\/div>","protected":false},"excerpt":{"rendered":"<p>Banco Santiago del Estero CASA CENTRAL Direcci\u00f3n: Av. Belgrano (s) N\u00ba 529\/37 Localidad: Santiago del Estero. C\u00f3digo Postal: 4200 Departamento: Capital Tel.: (0385) 450-2300 Fax: (0385) 450-2316 Banco Santiago del Estero\u00a0 Sucursal\u00a0A\u00d1ATUYA Direcci\u00f3n: 9 de Julio N\u00ba 93 Localidad: A\u00f1atuya Departamento: General Taboada C\u00f3digo Postal: 3760 Tel. Fax: (03844) 421-030\/<\/p>\n","protected":false},"author":1,"featured_media":0,"parent":0,"menu_order":0,"comment_status":"closed","ping_status":"closed","template":"","meta":{"footnotes":""},"_links":{"self":[{"href":"http:\/\/www.dgrsantiago.gov.ar\/index.php?rest_route=\/wp\/v2\/pages\/453"}],"collection":[{"href":"http:\/\/www.dgrsantiago.gov.ar\/index.php?rest_route=\/wp\/v2\/pages"}],"about":[{"href":"http:\/\/www.dgrsantiago.gov.ar\/index.php?rest_route=\/wp\/v2\/types\/page"}],"author":[{"embeddable":true,"href":"http:\/\/www.dgrsantiago.gov.ar\/index.php?rest_route=\/wp\/v2\/users\/1"}],"replies":[{"embeddable":true,"href":"http:\/\/www.dgrsantiago.gov.ar\/index.php?rest_route=%2Fwp%2Fv2%2Fcomments&post=453"}],"version-history":[{"count":39,"href":"http:\/\/www.dgrsantiago.gov.ar\/index.php?rest_route=\/wp\/v2\/pages\/453\/revisions"}],"predecessor-version":[{"id":2684,"href":"http:\/\/www.dgrsantiago.gov.ar\/index.php?rest_route=\/wp\/v2\/pages\/453\/revisions\/2684"}],"wp:attachment":[{"href":"http:\/\/www.dgrsantiago.gov.ar\/index.php?rest_route=%2Fwp%2Fv2%2Fmedia&parent=453"}],"curies":[{"name":"wp","href":"https:\/\/api.w.org\/{rel}","templated":true}]}}