{"id":493,"date":"2021-09-29T09:40:00","date_gmt":"2021-09-29T09:40:00","guid":{"rendered":"http:\/\/www.dgrsantiago.gob.ar\/?page_id=493"},"modified":"2022-11-01T23:23:33","modified_gmt":"2022-11-01T23:23:33","slug":"contactanos","status":"publish","type":"page","link":"http:\/\/www.dgrsantiago.gov.ar\/?page_id=493","title":{"rendered":"Contactanos"},"content":{"rendered":"<div id=\"pl-493\" class=\"panel-layout\">\n<div id=\"pg-493-0\" class=\"panel-grid panel-no-style\" data-style=\"{&quot;background_display&quot;:&quot;tile&quot;,&quot;cell_alignment&quot;:&quot;flex-start&quot;}\">\n<div id=\"pgc-493-0-0\" class=\"panel-grid-cell\" data-weight=\"1\">\n<div id=\"panel-493-0-0-0\" class=\"so-panel widget widget_text panel-first-child panel-last-child\" data-index=\"0\" data-style=\"{&quot;background_display&quot;:&quot;tile&quot;}\">\n<div class=\"textwidget\">\n<p style=\"text-align: center;\"><img loading=\"lazy\" decoding=\"async\" class=\"image wp-image-409 attachment-full size-full\" style=\"max-width: 100%; height: auto;\" src=\"http:\/\/www.dgrsantiago.gov.ar\/wp-content\/uploads\/2017\/07\/Untitled-7.jpg\" sizes=\"(max-width: 1295px) 100vw, 1295px\" srcset=\"http:\/\/www.dgrsantiago.gov.ar\/wp-content\/uploads\/2017\/07\/Untitled-7.jpg 1295w, http:\/\/www.dgrsantiago.gov.ar\/wp-content\/uploads\/2017\/07\/Untitled-7.jpg300w, http:\/\/www.dgrsantiago.gov.ar\/wp-content\/uploads\/2017\/07\/imprimir-768x112.jpg 768w, http:\/\/www.dgrsantiago.gov.ar\/wp-content\/uploads\/2017\/07\/imprimir-1024x149.jpg 1024w\" alt=\"\" width=\"1295\" height=\"189\" \/><\/p>\n<\/div>\n<\/div>\n<\/div>\n<\/div>\n<div id=\"pg-493-1\" class=\"panel-grid panel-has-style\" data-style=\"{&quot;background_display&quot;:&quot;tile&quot;,&quot;row_stretch&quot;:&quot;full-stretched&quot;,&quot;cell_alignment&quot;:&quot;flex-start&quot;}\">\n<div class=\"siteorigin-panels-stretch panel-row-style panel-row-style-for-493-1\" data-stretch-type=\"full-stretched\">\n<div id=\"pgc-493-1-0\" class=\"panel-grid-cell panel-grid-cell-empty\" data-weight=\"0.333333333333\"><\/div>\n<div id=\"pgc-493-1-1\" class=\"panel-grid-cell panel-grid-cell-mobile-last\" data-weight=\"0.333333333333\">\n<div id=\"panel-493-1-1-0\" class=\"so-panel widget widget_text panel-first-child panel-last-child\" data-index=\"1\" data-style=\"{&quot;background_image_attachment&quot;:false,&quot;background_display&quot;:&quot;tile&quot;}\">\n<div class=\"textwidget\">\n<div class=\"col-md-12\">\n<div class=\"col-md-4\"><\/div>\n<div><\/div>\n<div class=\"col-md-4\">[ninja_form id=2]<\/div>\n<div class=\"col-md-4\"><\/div>\n<\/div>\n<style>.field-wrap input[type=\"submit\"], .field-wrap input[type=\"button\"], .field-wrap button { width: auto; float: right; }<\/style>\n<\/div>\n<\/div>\n<\/div>\n<div id=\"pgc-493-1-2\" class=\"panel-grid-cell panel-grid-cell-empty\" data-weight=\"0.333333333333\"><\/div>\n<\/div>\n<\/div>\n<div id=\"pg-493-2\" class=\"panel-grid panel-has-style\" data-style=\"{&quot;background_display&quot;:&quot;tile&quot;,&quot;cell_class&quot;:&quot;special-img-btn&quot;,&quot;row_stretch&quot;:&quot;full-stretched&quot;,&quot;cell_alignment&quot;:&quot;flex-start&quot;}\">\n<div class=\"siteorigin-panels-stretch panel-row-style panel-row-style-for-493-2\" data-stretch-type=\"full-stretched\">\n<div id=\"pgc-493-2-0\" class=\"panel-grid-cell\" data-weight=\"0.333333333333\">\n<div class=\"special-img-btn panel-cell-style panel-cell-style-for-493-2-0\">\n<div id=\"panel-493-2-0-0\" class=\"so-panel widget widget_sow-image panel-first-child panel-last-child\" data-index=\"2\" data-style=\"{&quot;widget_css&quot;:&quot;border-left: 11px solid #d5175c;&quot;,&quot;background_display&quot;:&quot;tile&quot;}\">\n<div class=\"panel-widget-style panel-widget-style-for-493-2-0-0\">\n<div class=\"so-widget-sow-image so-widget-sow-image-default-eef982a7180b\">\n<div class=\"sow-image-container\"><a href=\"http:\/\/boletaelectronica.dgrsantiago.gov.ar\"> <img loading=\"lazy\" decoding=\"async\" class=\"so-widget-image\" src=\"http:\/\/www.dgrsantiago.gov.ar\/wp-content\/uploads\/2017\/07\/logoBoletaMail.png\" sizes=\"(max-width: 120px) 100vw, 120px\" width=\"120\" height=\"45\" \/><br \/>\n<\/a><\/div>\n<\/div>\n<\/div>\n<\/div>\n<\/div>\n<\/div>\n<div id=\"pgc-493-2-1\" class=\"panel-grid-cell\" data-weight=\"0.333333333333\">\n<div class=\"special-img-btn panel-cell-style panel-cell-style-for-493-2-1\">\n<div id=\"panel-493-2-1-0\" class=\"so-panel widget widget_sow-image panel-first-child panel-last-child\" data-index=\"3\" data-style=\"{&quot;widget_css&quot;:&quot;border-left: 11px solid #6fac32;\\n&quot;,&quot;background_display&quot;:&quot;tile&quot;}\">\n<div class=\"panel-widget-style panel-widget-style-for-493-2-1-0\">\n<div class=\"so-widget-sow-image so-widget-sow-image-default-eef982a7180b\">\n<div class=\"sow-image-container\"><a href=\"http:\/\/app.dgrsantiago.gov.ar\"> <img loading=\"lazy\" decoding=\"async\" class=\"so-widget-image\" title=\"Untitled\" src=\"http:\/\/www.dgrsantiago.gov.ar\/wp-content\/uploads\/2017\/07\/Untitled-5.png\" sizes=\"(max-width: 109px) 100vw, 109px\" width=\"109\" height=\"51\" \/><br \/>\n<\/a><\/div>\n<\/div>\n<\/div>\n<\/div>\n<\/div>\n<\/div>\n<div id=\"pgc-493-2-2\" class=\"panel-grid-cell\" data-weight=\"0.333333333333\">\n<div class=\"special-img-btn panel-cell-style panel-cell-style-for-493-2-2\">\n<div id=\"panel-493-2-2-0\" class=\"so-panel widget widget_sow-image panel-first-child panel-last-child\" data-index=\"4\" data-style=\"{&quot;widget_css&quot;:&quot;border-left: 11px solid #42484c;&quot;,&quot;background_display&quot;:&quot;tile&quot;}\">\n<div class=\"panel-widget-style panel-widget-style-for-493-2-2-0\">\n<div class=\"so-widget-sow-image so-widget-sow-image-default-eef982a7180b\">\n<div class=\"sow-image-container\"><a href=\"http:\/\/conducta.dgrsantiago.gov.ar\"> <img loading=\"lazy\" decoding=\"async\" class=\"so-widget-image\" title=\"Untitled\" src=\"http:\/\/www.dgrsantiago.gov.ar\/wp-content\/uploads\/2017\/07\/Untitled-6.png\" sizes=\"(max-width: 182px) 100vw, 182px\" width=\"182\" height=\"43\" \/><br \/>\n<\/a><\/div>\n<\/div>\n<\/div>\n<\/div>\n<\/div>\n<\/div>\n<\/div>\n<\/div>\n<div id=\"pg-493-3\" class=\"panel-grid panel-has-style\" data-style=\"{&quot;id&quot;:&quot;footer&quot;,&quot;background&quot;:&quot;#333333&quot;,&quot;background_display&quot;:&quot;tile&quot;,&quot;bottom_margin&quot;:&quot;0px&quot;,&quot;row_stretch&quot;:&quot;full-stretched&quot;,&quot;cell_alignment&quot;:&quot;flex-start&quot;}\">\n<div id=\"footer\" class=\"siteorigin-panels-stretch panel-row-style panel-row-style-for-493-3\" data-stretch-type=\"full-stretched\">\n<div id=\"pgc-493-3-0\" class=\"panel-grid-cell\" data-weight=\"0.333333333333\">\n<div id=\"panel-493-3-0-0\" class=\"so-panel widget widget_nav_menu panel-first-child\" data-index=\"5\" data-style=\"{&quot;background_display&quot;:&quot;tile&quot;}\">\n<h3 class=\"widget-title\">Institucional<\/h3>\n<div class=\"menu-footer-1-container\">\n<ul id=\"menu-footer-4\" class=\"menu\">\n<li class=\"menu-item menu-item-type-custom menu-item-object-custom menu-item-130\"><a href=\"http:\/\/www.dgrsantiago.gov.ar\/autoridades.htm\">Autoridades<\/a><\/li>\n<li class=\"menu-item menu-item-type-custom menu-item-object-custom menu-item-131\"><a href=\"http:\/\/www.dgrsantiago.gov.ar\/organizacion.htm\">Organizaci\u00f3n<\/a><\/li>\n<li class=\"menu-item menu-item-type-custom menu-item-object-custom menu-item-132\"><a href=\"http:\/\/www.dgrsantiago.gov.ar\/delegaciones.htm\">Delegaciones<\/a><\/li>\n<li class=\"menu-item menu-item-type-custom menu-item-object-custom menu-item-133\"><a href=\"http:\/\/www.dgrsantiago.gov.ar\/receptorias.htm\">Receptor\u00edas<\/a><\/li>\n<\/ul>\n<\/div>\n<\/div>\n<div id=\"panel-493-3-0-1\" class=\"so-panel widget widget_text panel-last-child\" data-index=\"6\" data-style=\"{&quot;background_display&quot;:&quot;tile&quot;}\">\n<div class=\"textwidget\"><\/div>\n<\/div>\n<\/div>\n<div id=\"pgc-493-3-1\" class=\"panel-grid-cell\" data-weight=\"0.333333333333\">\n<div id=\"panel-493-3-1-0\" class=\"so-panel widget widget_nav_menu panel-first-child panel-last-child\" data-index=\"7\" data-style=\"{&quot;background_display&quot;:&quot;tile&quot;}\">\n<h3 class=\"widget-title\">Normativa<\/h3>\n<div class=\"menu-footer-2-container\">\n<ul id=\"menu-footer-5\" class=\"menu\">\n<li class=\"menu-item menu-item-type-custom menu-item-object-custom menu-item-136\"><a href=\"http:\/\/www.dgrsantiago.gov.ar\/codigofiscal.htm\">C\u00f3digo Fiscal<\/a><\/li>\n<li class=\"menu-item menu-item-type-custom menu-item-object-custom menu-item-137\"><a href=\"http:\/\/www.dgrsantiago.gov.ar\/leyimpositiva.htm\">Leyes Impositivas<\/a><\/li>\n<li class=\"menu-item menu-item-type-custom menu-item-object-custom menu-item-138\"><a href=\"http:\/\/www.dgrsantiago.gov.ar\/dgronline\/hdgr_decretospublicar.aspx\">Decretos<\/a><\/li>\n<li class=\"menu-item menu-item-type-custom menu-item-object-custom menu-item-139\"><a href=\"http:\/\/www.dgrsantiago.gov.ar\/dgronline\/hdgr_resolucionpublicar.aspx\">Resoluciones<\/a><\/li>\n<\/ul>\n<\/div>\n<\/div>\n<\/div>\n<div id=\"pgc-493-3-2\" class=\"panel-grid-cell\" data-weight=\"0.333333333333\">\n<div id=\"panel-493-3-2-0\" class=\"so-panel widget widget_nav_menu panel-first-child panel-last-child\" data-index=\"8\" data-style=\"{&quot;background_display&quot;:&quot;tile&quot;}\">\n<h3 class=\"widget-title\">Contacto<\/h3>\n<ul>\n<li><a href=\"http:\/\/www.dgrsantiago.gov.ar\/wp-content\/uploads\/2022\/10\/IMAGEN-TELEFONOS-DE-ATENCION-subir-2.png\">Tel\u00e9fonos de Atenci\u00f3n<\/a><\/li>\n<\/ul>\n<div class=\"menu-footer-3-container\">\n<ul id=\"menu-footer-6\" class=\"menu\">\n<li class=\"menu-item menu-item-type-custom menu-item-object-custom menu-item-487\">Direcci\u00f3n: Garibaldi N\u00b0 43\/45<\/li>\n<\/ul>\n<\/div>\n<\/div>\n<\/div>\n<\/div>\n<\/div>\n<\/div>\n","protected":false},"excerpt":{"rendered":"<p>[ninja_form id=2] Institucional Autoridades Organizaci\u00f3n Delegaciones Receptor\u00edas Normativa C\u00f3digo Fiscal Leyes Impositivas Decretos Resoluciones Contacto Tel\u00e9fonos de Atenci\u00f3n Direcci\u00f3n: Garibaldi N\u00b0 43\/45<\/p>\n","protected":false},"author":1,"featured_media":0,"parent":0,"menu_order":0,"comment_status":"closed","ping_status":"closed","template":"","meta":{"footnotes":""},"_links":{"self":[{"href":"http:\/\/www.dgrsantiago.gov.ar\/index.php?rest_route=\/wp\/v2\/pages\/493"}],"collection":[{"href":"http:\/\/www.dgrsantiago.gov.ar\/index.php?rest_route=\/wp\/v2\/pages"}],"about":[{"href":"http:\/\/www.dgrsantiago.gov.ar\/index.php?rest_route=\/wp\/v2\/types\/page"}],"author":[{"embeddable":true,"href":"http:\/\/www.dgrsantiago.gov.ar\/index.php?rest_route=\/wp\/v2\/users\/1"}],"replies":[{"embeddable":true,"href":"http:\/\/www.dgrsantiago.gov.ar\/index.php?rest_route=%2Fwp%2Fv2%2Fcomments&post=493"}],"version-history":[{"count":25,"href":"http:\/\/www.dgrsantiago.gov.ar\/index.php?rest_route=\/wp\/v2\/pages\/493\/revisions"}],"predecessor-version":[{"id":12552,"href":"http:\/\/www.dgrsantiago.gov.ar\/index.php?rest_route=\/wp\/v2\/pages\/493\/revisions\/12552"}],"wp:attachment":[{"href":"http:\/\/www.dgrsantiago.gov.ar\/index.php?rest_route=%2Fwp%2Fv2%2Fmedia&parent=493"}],"curies":[{"name":"wp","href":"https:\/\/api.w.org\/{rel}","templated":true}]}}