{"id":733,"date":"2017-11-01T18:15:13","date_gmt":"2017-11-01T18:15:13","guid":{"rendered":"http:\/\/www.dgrsantiago.gob.ar\/?page_id=733"},"modified":"2017-11-28T13:39:22","modified_gmt":"2017-11-28T13:39:22","slug":"faq-fondo-de-reparacion-social","status":"publish","type":"page","link":"http:\/\/www.dgrsantiago.gov.ar\/?page_id=733","title":{"rendered":"FAQ Fondo de Reparaci\u00f3n Social"},"content":{"rendered":"<p><img loading=\"lazy\" decoding=\"async\" class=\"faqcategorias alignnone wp-image-1430 size-full\" src=\"http:\/\/www.dgrsantiago.gob.ar\/wp-content\/uploads\/2017\/11\/faq.png\" alt=\"\" width=\"1920\" height=\"200\" srcset=\"http:\/\/www.dgrsantiago.gov.ar\/wp-content\/uploads\/2017\/11\/faq.png 1920w, http:\/\/www.dgrsantiago.gov.ar\/wp-content\/uploads\/2017\/11\/faq-300x31.png 300w, http:\/\/www.dgrsantiago.gov.ar\/wp-content\/uploads\/2017\/11\/faq-768x80.png 768w, http:\/\/www.dgrsantiago.gov.ar\/wp-content\/uploads\/2017\/11\/faq-1024x107.png 1024w\" sizes=\"(max-width: 1920px) 100vw, 1920px\" \/><\/p>\n<div>FAQ &#8211; Fondo de Reparaci\u00f3n Social<\/div>\n<p>&nbsp;<\/p>\n<style>.ewd-ufaq-post-margin-symbol span {\nmargin-top:15px;\n}\n\n.ufaq-faq-title-text {\nfloat:left;\nwidth:90%;\nbackground-color:#9aca3c;\ncolor:white;\npadding:17px;\nmargin-bottom:17px!important;\n}<\/style><div  class=\"ewd-ufaq-faq-list ewd-ufaq-page-type-load_more\" id='ewd-ufaq-faq-list'>\n\n\t<input type='hidden' name='include_category' value='fondo-de-reparacion-social' id='ewd-ufaq-include-category' \/>\n<input type='hidden' name='exclude_category' value='' id='ewd-ufaq-exclude-category' \/>\n<input type='hidden' name='orderby' value='date' id='ewd-ufaq-orderby' \/>\n<input type='hidden' name='order' value='desc' id='ewd-ufaq-order' \/>\n<input type='hidden' name='post_count' value='-1' id='ewd-ufaq-post-count' \/>\n<input type='hidden' name='current_url' value='\/index.php?rest_route=%2Fwp%2Fv2%2Fpages%2F733' id='ewd-ufaq-current-url' \/>\n\t\n\t\n\t<div class='ewd-ufaq-faqs'>\n\n\t\t<div  class=\"ewd-ufaq-faq-div ewd-ufaq-faq-column-count-one ewd-ufaq-faq-responsive-columns- ewd-ufaq-faq-display-style-default ewd-ufaq-can-be-toggled\" id='ewd-ufaq-post-4552-jl2R5Vt3WN' data-post_id='4552'>\n\n\t<div class='ewd-ufaq-faq-title ewd-ufaq-faq-toggle'>\n\t\n\t<a class='ewd-ufaq-post-margin'  href='http:\/\/www.dgrsantiago.gov.ar\/?ufaq=el-fondo-de-reparacion-social-tiene-vigencia-en-el-periodo-fiscal-2019'>\n\n\t\t<div class='ewd-ufaq-post-margin-symbol ewd-ufaq-square'>\n\t\t\t<span >a<\/span>\n\t\t<\/div>\n\n\t\t<div class='ewd-ufaq-faq-title-text'>\n\n\t\t\t<h4>\n\t\t\t\t\u00bfEL FONDO DE REPARACI\u00d3N SOCIAL TIENE VIGENCIA EN EL PERIODO FISCAL 2019?\t\t\t<\/h4>\n\n\t\t<\/div>\n\n\t\t<div class='ewd-ufaq-clear'><\/div>\n\n\t<\/a>\n\t\n<\/div>\n\t\n\t<div class='ewd-ufaq-faq-body ewd-ufaq-hidden' >\n\n\t\t\n\t\t\t\n\t\t\n\t\t\t<div class='ewd-ufaq-post-margin ewd-ufaq-faq-post'>\n\t<p>La <strong>LEY N\u00ba 7.271<\/strong> establece:<\/p>\n<p><strong>ART. 10\u00ba.-<\/strong> Der\u00f3gase, a partir del 1\u00ba de Enero de 2.019, las Leyes N\u00ba 5.352 y 5.595 y toda otra norma relativa al Impuesto \u00abFondo de Reparaci\u00f3n Social\u00bb.<\/p>\n<\/div>\n\t\t\n\t\t\t<div class='ewd-ufaq-faq-custom-fields'>\n\n\t\n<\/div>\n\t\t\n\t\t\t\n\t\t\n\t\t\t\n\t\t\n\t\t\t\n\t\t\n\t\t\t\n\t\t\n\t\t\t\n\t\t\n\t\t\t\n\t\t\n\t\t\t\n\t\t\n\t<\/div>\n\n<\/div><div  class=\"ewd-ufaq-faq-div ewd-ufaq-faq-column-count-one ewd-ufaq-faq-responsive-columns- ewd-ufaq-faq-display-style-default ewd-ufaq-can-be-toggled\" id='ewd-ufaq-post-1328-UGzNSq3GSn' data-post_id='1328'>\n\n\t<div class='ewd-ufaq-faq-title ewd-ufaq-faq-toggle'>\n\t\n\t<a class='ewd-ufaq-post-margin'  href='http:\/\/www.dgrsantiago.gov.ar\/?ufaq=quienes-son-los-sujetos-responsables-en-el-impuesto-f-r-s-y-cuales-son-sus-obligaciones'>\n\n\t\t<div class='ewd-ufaq-post-margin-symbol ewd-ufaq-square'>\n\t\t\t<span >a<\/span>\n\t\t<\/div>\n\n\t\t<div class='ewd-ufaq-faq-title-text'>\n\n\t\t\t<h4>\n\t\t\t\t\u00bfQUI\u00c9NES SON LOS SUJETOS RESPONSABLES EN EL IMPUESTO F.R.S. Y CU\u00c1LES SON SUS OBLIGACIONES?\t\t\t<\/h4>\n\n\t\t<\/div>\n\n\t\t<div class='ewd-ufaq-clear'><\/div>\n\n\t<\/a>\n\t\n<\/div>\n\t\n\t<div class='ewd-ufaq-faq-body ewd-ufaq-hidden' >\n\n\t\t\n\t\t\t\n\t\t\n\t\t\t<div class='ewd-ufaq-post-margin ewd-ufaq-faq-post'>\n\t<p>Los\u00a0<strong>Empleadores<\/strong> son los Responsablesde:<\/p>\n<ul>\n<li>Inscribirse como Contribuyentes del Impuesto FRS.<\/li>\n<li>Actuar como Agentes de Retenci\u00f3n sobre sus empleados.<\/li>\n<li>Ingresar al Fisco la totalidad del impuesto (Aportes y Contribuciones).<\/li>\n<\/ul>\n<p>La <strong>LEY N\u00ba 7.271<\/strong> establece:<br \/>\n<strong>ART. 10\u00ba.-<\/strong> Der\u00f3gase, a partir del 1\u00ba de Enero de 2.019, las Leyes N\u00ba 5.352 y 5.595 y toda otra norma relativa al Impuesto \u00abFondo de Reparaci\u00f3n Social\u00bb.<\/p>\n<\/div>\n\t\t\n\t\t\t<div class='ewd-ufaq-faq-custom-fields'>\n\n\t\n<\/div>\n\t\t\n\t\t\t\n\t\t\n\t\t\t\n\t\t\n\t\t\t\n\t\t\n\t\t\t\n\t\t\n\t\t\t\n\t\t\n\t\t\t\n\t\t\n\t\t\t\n\t\t\n\t<\/div>\n\n<\/div><div  class=\"ewd-ufaq-faq-div ewd-ufaq-faq-column-count-one ewd-ufaq-faq-responsive-columns- ewd-ufaq-faq-display-style-default ewd-ufaq-can-be-toggled\" id='ewd-ufaq-post-1327-1vd4PFOosd' data-post_id='1327'>\n\n\t<div class='ewd-ufaq-faq-title ewd-ufaq-faq-toggle'>\n\t\n\t<a class='ewd-ufaq-post-margin'  href='http:\/\/www.dgrsantiago.gov.ar\/?ufaq=como-realizar-lainscripcion-como-contribuyente-delimpuesto-f-r-s'>\n\n\t\t<div class='ewd-ufaq-post-margin-symbol ewd-ufaq-square'>\n\t\t\t<span >a<\/span>\n\t\t<\/div>\n\n\t\t<div class='ewd-ufaq-faq-title-text'>\n\n\t\t\t<h4>\n\t\t\t\t\u00bfC\u00d3MO REALIZAR LA INSCRIPCI\u00d3N COMO CONTRIBUYENTE DEL IMPUESTO F.R.S.?\t\t\t<\/h4>\n\n\t\t<\/div>\n\n\t\t<div class='ewd-ufaq-clear'><\/div>\n\n\t<\/a>\n\t\n<\/div>\n\t\n\t<div class='ewd-ufaq-faq-body ewd-ufaq-hidden' >\n\n\t\t\n\t\t\t\n\t\t\n\t\t\t<div class='ewd-ufaq-post-margin ewd-ufaq-faq-post'>\n\t<p>Para inscribirse en Fondo de Reparaci\u00f3n Social, los <strong>Empleadores<\/strong> deben completar e imprimir el <strong>Formulario de Alta en el impuesto F.R.S.<\/strong> a trav\u00e9s del aplicativo <strong>G\u00c9NESIS<\/strong>, m\u00f3dulo <strong>Fondo de Reparaci\u00f3n Social<\/strong>, del sitio web del organismo <a href=\"http:\/\/www.dgrsantiago.gov.ar\/\">http:\/\/www.dgrsantiago.gov.ar\/<\/a>, y presentarlo en el \u00e1rea de Empadronamientos de la DGR para su validaci\u00f3n, previo ingreso de la respectiva Tasa Retributiva de Servicio; adjuntando al mismo la <strong>C<\/strong><strong>onstancia de inscripci\u00f3n como empleador en AFIP<\/strong>.<\/p>\n<p><strong>DESCARGAR INSTRUCTIVO G\u00c9NESIS\u00a0 <\/strong>(ver p\u00e1ginas \u00a032 y 33)<\/p>\n<p><a href=\"http:\/\/test.dgrsantiago.gob.ar\/wp-content\/uploads\/2017\/12\/manualusuariogenesis.pdf\"><img loading=\"lazy\" decoding=\"async\" class=\"alignnone wp-image-1146 size-full\" src=\"http:\/\/test.dgrsantiago.gob.ar\/wp-content\/uploads\/2017\/11\/iconos-2.png\" alt=\"\" width=\"200\" height=\"49\" \/><\/a><\/p>\n<p>La <strong>LEY N\u00ba 7.271<\/strong> establece:<br \/>\n<strong>ART. 10\u00ba.-<\/strong> Der\u00f3gase, a partir del 1\u00ba de Enero de 2.019, las Leyes N\u00ba 5.352 y 5.595 y toda otra norma relativa al Impuesto \u00abFondo de Reparaci\u00f3n Social\u00bb.<\/p>\n<\/div>\n\t\t\n\t\t\t<div class='ewd-ufaq-faq-custom-fields'>\n\n\t\n<\/div>\n\t\t\n\t\t\t\n\t\t\n\t\t\t\n\t\t\n\t\t\t\n\t\t\n\t\t\t\n\t\t\n\t\t\t\n\t\t\n\t\t\t\n\t\t\n\t\t\t\n\t\t\n\t<\/div>\n\n<\/div><div  class=\"ewd-ufaq-faq-div ewd-ufaq-faq-column-count-one ewd-ufaq-faq-responsive-columns- ewd-ufaq-faq-display-style-default ewd-ufaq-can-be-toggled\" id='ewd-ufaq-post-1326-sUNRY32lME' data-post_id='1326'>\n\n\t<div class='ewd-ufaq-faq-title ewd-ufaq-faq-toggle'>\n\t\n\t<a class='ewd-ufaq-post-margin'  href='http:\/\/www.dgrsantiago.gov.ar\/?ufaq=quienes-son-sujetos-exentos-en-el-impuesto-f-r-s-y-como-deben-tramitar-la-exencion'>\n\n\t\t<div class='ewd-ufaq-post-margin-symbol ewd-ufaq-square'>\n\t\t\t<span >a<\/span>\n\t\t<\/div>\n\n\t\t<div class='ewd-ufaq-faq-title-text'>\n\n\t\t\t<h4>\n\t\t\t\t\u00bfQUI\u00c9NES SON SUJETOS EXENTOS EN EL IMPUESTO F.R.S. Y C\u00d3MO DEBEN TRAMITAR LA EXENCI\u00d3N?\t\t\t<\/h4>\n\n\t\t<\/div>\n\n\t\t<div class='ewd-ufaq-clear'><\/div>\n\n\t<\/a>\n\t\n<\/div>\n\t\n\t<div class='ewd-ufaq-faq-body ewd-ufaq-hidden' >\n\n\t\t\n\t\t\t\n\t\t\n\t\t\t<div class='ewd-ufaq-post-margin ewd-ufaq-faq-post'>\n\t<p>Est\u00e1n <strong>exentos<\/strong> en FRS, en la porci\u00f3n que les corresponde como sujetos pasivos del impuesto:<\/p>\n<ul>\n<li>El Estado Provincial.<\/li>\n<li>Las Organizaciones Profesionales.<\/li>\n<li>Las Instituciones Culturales, Deportivas, de Beneficencia y Asistencia Social.<\/li>\n<li>Cooperadoras y Entidades de Bien P\u00fablico.<\/li>\n<\/ul>\n<p>Los Sujetos Exentos deben tramitar la exenci\u00f3n presentando en Mesa General de Entradas de la DGR, con destino al Dpto. Sujetos y Entidades Exentas,la documentaci\u00f3n que se detallada a continuaci\u00f3n:<\/p>\n<ol>\n<li><strong>Nota de solicitud de Exenci\u00f3n.<\/strong><\/li>\n<li><strong>F005 \u2013 Constancia de Inscripci\u00f3n en DGR.<\/strong><\/li>\n<li><strong>Constancia de Inscripci\u00f3n en AFIP.<\/strong><\/li>\n<\/ol>\n<p>\u00a0<\/p>\n<p>La <strong>LEY N\u00ba 7.271<\/strong> establece:<\/p>\n<p><strong>ART. 10\u00ba.-<\/strong> Der\u00f3gase, a partir del 1\u00ba de Enero de 2.019, las Leyes N\u00ba 5.352 y 5.595 y toda otra norma relativa al Impuesto \u00abFondo de Reparaci\u00f3n Social\u00bb.<\/p>\n<p>\u00a0<\/p>\n<p>\u00a0<\/p>\n<\/div>\n\t\t\n\t\t\t<div class='ewd-ufaq-faq-custom-fields'>\n\n\t\n<\/div>\n\t\t\n\t\t\t\n\t\t\n\t\t\t\n\t\t\n\t\t\t\n\t\t\n\t\t\t\n\t\t\n\t\t\t\n\t\t\n\t\t\t\n\t\t\n\t\t\t\n\t\t\n\t<\/div>\n\n<\/div><div  class=\"ewd-ufaq-faq-div ewd-ufaq-faq-column-count-one ewd-ufaq-faq-responsive-columns- ewd-ufaq-faq-display-style-default ewd-ufaq-can-be-toggled\" id='ewd-ufaq-post-1325-Mlbu3RTb7c' data-post_id='1325'>\n\n\t<div class='ewd-ufaq-faq-title ewd-ufaq-faq-toggle'>\n\t\n\t<a class='ewd-ufaq-post-margin'  href='http:\/\/www.dgrsantiago.gov.ar\/?ufaq=como-confeccionar-y-presentar-una-declaracion-jurada-en-el-impuesto-f-r-s'>\n\n\t\t<div class='ewd-ufaq-post-margin-symbol ewd-ufaq-square'>\n\t\t\t<span >a<\/span>\n\t\t<\/div>\n\n\t\t<div class='ewd-ufaq-faq-title-text'>\n\n\t\t\t<h4>\n\t\t\t\t\u00bfC\u00d3MO CONFECCIONAR Y PRESENTAR UNA DECLARACI\u00d3N JURADA EN EL IMPUESTO F.R.S.?\t\t\t<\/h4>\n\n\t\t<\/div>\n\n\t\t<div class='ewd-ufaq-clear'><\/div>\n\n\t<\/a>\n\t\n<\/div>\n\t\n\t<div class='ewd-ufaq-faq-body ewd-ufaq-hidden' >\n\n\t\t\n\t\t\t\n\t\t\n\t\t\t<div class='ewd-ufaq-post-margin ewd-ufaq-faq-post'>\n\t<ul>\n<li>Ingresar al Sistema DGR on-line con <strong>CUIT<\/strong> y <strong>clave fiscal del contribuyente.<\/strong><\/li>\n<li>Seleccionar el bot\u00f3n <strong>F\u00e9nix-Fondo de Reparaci\u00f3n SOCIAL <\/strong>para acceder al Sistema Integral de Fondo de Reparaci\u00f3n Social.<\/li>\n<li>Seleccionar la opci\u00f3n <strong>DECLARACI\u00d3N JURADA<\/strong>, para generar la DDJJ Original o Rectificativa del per\u00edodo seleccionado.<\/li>\n<li>Seleccionar el <strong>A\u00f1o\/Per\u00edodo a liquidar<\/strong> haciendo clic en el bot\u00f3n\u2714<\/li>\n<li>Hacer clic en el bot\u00f3n <strong>NUEVA DDJJ<\/strong> para activar la DDJJ Original o Rectificativa que se desee realizar, en la cual el contribuyente debe <strong>ingresar los datos declarativos<\/strong> para la liquidaci\u00f3n del impuesto.<\/li>\n<li>Luego de <strong>CONFIRMAR<\/strong> los datos ingresados, el sistema efectuar\u00e1 la liquidaci\u00f3n del Impuesto y permitir\u00e1 visualizar el <strong>Monto del impuesto<\/strong> correspondiente a los Aportes o a las Retenciones, seg\u00fan cual sea el concepto liquidado.<\/li>\n<li>Al regresar al men\u00fa principal haciendo clic en el bot\u00f3n <strong>VOLVER<\/strong>, se podr\u00e1 <strong>presentar la DDJJ <\/strong>haciendo clic en el bot\u00f3n\u2714<\/li>\n<li>Una vez presentada la declaraci\u00f3n jurada no se podr\u00e1n modificar los datos insertos en las mismas.<\/li>\n<\/ul>\n<p><strong>\u00a0<\/strong><strong>DESCARGAR INSTRUCTIVO G\u00c9NESIS <\/strong><\/p>\n<p><a href=\"http:\/\/test.dgrsantiago.gob.ar\/wp-content\/uploads\/2017\/11\/manualusuariofrs.pdf\"><img loading=\"lazy\" decoding=\"async\" class=\"alignnone wp-image-1146 size-full\" src=\"http:\/\/test.dgrsantiago.gob.ar\/wp-content\/uploads\/2017\/11\/iconos-2.png\" alt=\"\" width=\"200\" height=\"49\" \/><\/a><\/p>\n<p>\u00a0<\/p>\n<p>La <strong>LEY N\u00ba 7.271<\/strong> establece:<\/p>\n<p><strong>ART. 10\u00ba.-<\/strong> Der\u00f3gase, a partir del 1\u00ba de Enero de 2.019, las Leyes N\u00ba 5.352 y 5.595 y toda otra norma relativa al Impuesto \u00abFondo de Reparaci\u00f3n Social\u00bb.<\/p>\n<p>\u00a0<\/p>\n<\/div>\n\t\t\n\t\t\t<div class='ewd-ufaq-faq-custom-fields'>\n\n\t\n<\/div>\n\t\t\n\t\t\t\n\t\t\n\t\t\t\n\t\t\n\t\t\t\n\t\t\n\t\t\t\n\t\t\n\t\t\t\n\t\t\n\t\t\t\n\t\t\n\t\t\t\n\t\t\n\t<\/div>\n\n<\/div><div  class=\"ewd-ufaq-faq-div ewd-ufaq-faq-column-count-one ewd-ufaq-faq-responsive-columns- ewd-ufaq-faq-display-style-default ewd-ufaq-can-be-toggled\" id='ewd-ufaq-post-1324-t9fOtv9MiP' data-post_id='1324'>\n\n\t<div class='ewd-ufaq-faq-title ewd-ufaq-faq-toggle'>\n\t\n\t<a class='ewd-ufaq-post-margin'  href='http:\/\/www.dgrsantiago.gov.ar\/?ufaq=como-confeccionar-la-boleta-de-pago-del-impuesto-frs'>\n\n\t\t<div class='ewd-ufaq-post-margin-symbol ewd-ufaq-square'>\n\t\t\t<span >a<\/span>\n\t\t<\/div>\n\n\t\t<div class='ewd-ufaq-faq-title-text'>\n\n\t\t\t<h4>\n\t\t\t\t\u00bfC\u00d3MO CONFECCIONAR LA BOLETA DE PAGO DEL IMPUESTO F.R.S.?\t\t\t<\/h4>\n\n\t\t<\/div>\n\n\t\t<div class='ewd-ufaq-clear'><\/div>\n\n\t<\/a>\n\t\n<\/div>\n\t\n\t<div class='ewd-ufaq-faq-body ewd-ufaq-hidden' >\n\n\t\t\n\t\t\t\n\t\t\n\t\t\t<div class='ewd-ufaq-post-margin ewd-ufaq-faq-post'>\n\t<ul>\n<li>Ingresar al Sistema DGR online, con su <strong>CUIT y clave fiscal del contribuyente<\/strong>.<\/li>\n<li>Seleccionar el bot\u00f3n <strong>F\u00e9nix-Fondo de Reparaci\u00f3n Social<\/strong> para acceder al Sistema Integral de Fondo de reparaci\u00f3n Social.<\/li>\n<li>Al ingresar a la opci\u00f3n <strong>CONFECCI\u00d3N DE BOLETA<\/strong>, el contribuyente podr\u00e1 confeccionar la Boleta de Pago seleccionando el concepto APORTES o RETENCIONES, seg\u00fan corresponda, haciendo clic en el bot\u00f3n <strong>Agregar.<\/strong><\/li>\n<li>El sistema permite confeccionar <strong>una \u00fanica boleta <\/strong>que incluya los Aportes y Retenciones adeudadas o bien, <strong>por separado<\/strong>, una boleta para Aportes y otra para Retenciones.<\/li>\n<li>Se debe ingresar la <strong>Fecha de Pago<\/strong> del impuesto. Si esta fecha excede el d\u00eda fijado como vencimiento del impuesto, el sistema calcular\u00e1 autom\u00e1ticamente el monto a pagar en concepto de\u00a0<strong>Intereses por Mora<\/strong>.<\/li>\n<li>En la grilla <strong>PERIODOS SELECCIONADOS<\/strong>, se visualizar\u00e1n todos los conceptos que fueron seleccionados incluso el Inter\u00e9s calculado.<\/li>\n<li>Haciendo clic en el bot\u00f3n <strong>EMITIR BOLETA<\/strong> se imprimir\u00e1 la boleta para pago de FRS, que incluir\u00e1 todos los conceptos seleccionados.<\/li>\n<\/ul>\n<p><strong>\u00a0<\/strong><\/p>\n<p><strong>DESCARGAR INSTRUCTIVO G\u00c9NESIS<\/strong><\/p>\n<p><a href=\"http:\/\/test.dgrsantiago.gob.ar\/wp-content\/uploads\/2017\/11\/manualusuariofrs.pdf\"><img loading=\"lazy\" decoding=\"async\" class=\"alignnone wp-image-1146 size-full\" src=\"http:\/\/test.dgrsantiago.gob.ar\/wp-content\/uploads\/2017\/11\/iconos-2.png\" alt=\"\" width=\"200\" height=\"49\" \/><\/a><\/p>\n<p>\u00a0<\/p>\n<p>La <strong>LEY N\u00ba 7.271<\/strong> establece:<\/p>\n<p><strong>ART. 10\u00ba.-<\/strong> Der\u00f3gase, a partir del 1\u00ba de Enero de 2.019, las Leyes N\u00ba 5.352 y 5.595 y toda otra norma relativa al Impuesto \u00abFondo de Reparaci\u00f3n Social\u00bb.<\/p>\n<p>\u00a0<\/p>\n<\/div>\n\t\t\n\t\t\t<div class='ewd-ufaq-faq-custom-fields'>\n\n\t\n<\/div>\n\t\t\n\t\t\t\n\t\t\n\t\t\t\n\t\t\n\t\t\t\n\t\t\n\t\t\t\n\t\t\n\t\t\t\n\t\t\n\t\t\t\n\t\t\n\t\t\t\n\t\t\n\t<\/div>\n\n<\/div><div  class=\"ewd-ufaq-faq-div ewd-ufaq-faq-column-count-one ewd-ufaq-faq-responsive-columns- ewd-ufaq-faq-display-style-default ewd-ufaq-can-be-toggled\" id='ewd-ufaq-post-1323-YbUWZKolBv' data-post_id='1323'>\n\n\t<div class='ewd-ufaq-faq-title ewd-ufaq-faq-toggle'>\n\t\n\t<a class='ewd-ufaq-post-margin'  href='http:\/\/www.dgrsantiago.gov.ar\/?ufaq=como-solicitar-acreditacion-de-saldos-a-favor-enel-impuesto-f-r-s'>\n\n\t\t<div class='ewd-ufaq-post-margin-symbol ewd-ufaq-square'>\n\t\t\t<span >a<\/span>\n\t\t<\/div>\n\n\t\t<div class='ewd-ufaq-faq-title-text'>\n\n\t\t\t<h4>\n\t\t\t\t\u00bfC\u00d3MO SOLICITAR ACREDITACI\u00d3N DE SALDOS A FAVOR EN EL IMPUESTO F.R.S.?\t\t\t<\/h4>\n\n\t\t<\/div>\n\n\t\t<div class='ewd-ufaq-clear'><\/div>\n\n\t<\/a>\n\t\n<\/div>\n\t\n\t<div class='ewd-ufaq-faq-body ewd-ufaq-hidden' >\n\n\t\t\n\t\t\t\n\t\t\n\t\t\t<div class='ewd-ufaq-post-margin ewd-ufaq-faq-post'>\n\t<p>El contribuyente deber\u00e1 ingresar por Mesa General de Entradas de la DGR, con destino al Dpto. Fondo de Reparaci\u00f3n Social, el Formulario <strong>F.101\u2013 Solicitud de Acreditaci\u00f3n de Pagos <\/strong>por las Retenciones en el impuesto F.R.S.; adjuntando al mismo las <strong>boletas originales de pago.<\/strong><\/p>\n<p><a href=\"http:\/\/test.dgrsantiago.gob.ar\/wp-content\/uploads\/2017\/10\/F-101.pdf\"><img loading=\"lazy\" decoding=\"async\" class=\"alignnone wp-image-1146 size-full\" src=\"http:\/\/test.dgrsantiago.gob.ar\/wp-content\/uploads\/2017\/11\/iconos-2.png\" alt=\"\" width=\"200\" height=\"49\" \/><\/a><\/p>\n<p>\u00a0<\/p>\n<p>La <strong>LEY N\u00ba 7.271<\/strong> establece:<\/p>\n<p><strong>ART. 10\u00ba.-<\/strong> Der\u00f3gase, a partir del 1\u00ba de Enero de 2.019, las Leyes N\u00ba 5.352 y 5.595 y toda otra norma relativa al Impuesto \u00abFondo de Reparaci\u00f3n Social\u00bb.<\/p>\n<p>\u00a0<\/p>\n<p>\u00a0<\/p>\n<p>\u00a0<\/p>\n<\/div>\n\t\t\n\t\t\t<div class='ewd-ufaq-faq-custom-fields'>\n\n\t\n<\/div>\n\t\t\n\t\t\t\n\t\t\n\t\t\t\n\t\t\n\t\t\t\n\t\t\n\t\t\t\n\t\t\n\t\t\t\n\t\t\n\t\t\t\n\t\t\n\t\t\t\n\t\t\n\t<\/div>\n\n<\/div><div  class=\"ewd-ufaq-faq-div ewd-ufaq-faq-column-count-one ewd-ufaq-faq-responsive-columns- ewd-ufaq-faq-display-style-default ewd-ufaq-can-be-toggled\" id='ewd-ufaq-post-1318-O1vWXlK5u6' data-post_id='1318'>\n\n\t<div class='ewd-ufaq-faq-title ewd-ufaq-faq-toggle'>\n\t\n\t<a class='ewd-ufaq-post-margin'  href='http:\/\/www.dgrsantiago.gov.ar\/?ufaq=como-realizar-la-baja-del-contribuyente-en-el-impuesto-frs'>\n\n\t\t<div class='ewd-ufaq-post-margin-symbol ewd-ufaq-square'>\n\t\t\t<span >a<\/span>\n\t\t<\/div>\n\n\t\t<div class='ewd-ufaq-faq-title-text'>\n\n\t\t\t<h4>\n\t\t\t\t\u00bfC\u00d3MO REALIZAR LA BAJA DEL CONTRIBUYENTE EN EL IMPUESTO F.R.S.?\t\t\t<\/h4>\n\n\t\t<\/div>\n\n\t\t<div class='ewd-ufaq-clear'><\/div>\n\n\t<\/a>\n\t\n<\/div>\n\t\n\t<div class='ewd-ufaq-faq-body ewd-ufaq-hidden' >\n\n\t\t\n\t\t\t\n\t\t\n\t\t\t<div class='ewd-ufaq-post-margin ewd-ufaq-faq-post'>\n\t<p>La baja del contribuyente en el impuesto Fondo de Reparaci\u00f3n Social se solicita mediante <strong>Nota <\/strong>de baja y se presenta por Mesa General de Entradas de la DGR, abonando previamente la <strong>Tasa Retributiva de Servicio<\/strong> respectiva, adjuntando al mismo:<\/p>\n<ul>\n<li><strong>Constancia de baja como Empleador en AFIP<\/strong>.<\/li>\n<li><strong>Formulario de baja en FRS (<\/strong>m\u00f3dulo G\u00c9NESIS)<strong>.<\/strong><\/li>\n<\/ul>\n<p>\u00a0<\/p>\n<p>La <strong>LEY N\u00ba 7.271<\/strong> establece:<\/p>\n<p><strong>ART. 10\u00ba.-<\/strong> Der\u00f3gase, a partir del 1\u00ba de Enero de 2.019, las Leyes N\u00ba 5.352 y 5.595 y toda otra norma relativa al Impuesto \u00abFondo de Reparaci\u00f3n Social\u00bb.<\/p>\n<p>\u00a0<\/p>\n<\/div>\n\t\t\n\t\t\t<div class='ewd-ufaq-faq-custom-fields'>\n\n\t\n<\/div>\n\t\t\n\t\t\t\n\t\t\n\t\t\t\n\t\t\n\t\t\t\n\t\t\n\t\t\t\n\t\t\n\t\t\t\n\t\t\n\t\t\t\n\t\t\n\t\t\t\n\t\t\n\t<\/div>\n\n<\/div><div  class=\"ewd-ufaq-faq-div ewd-ufaq-faq-column-count-one ewd-ufaq-faq-responsive-columns- ewd-ufaq-faq-display-style-default ewd-ufaq-can-be-toggled\" id='ewd-ufaq-post-1317-qcA8prYXHw' data-post_id='1317'>\n\n\t<div class='ewd-ufaq-faq-title ewd-ufaq-faq-toggle'>\n\t\n\t<a class='ewd-ufaq-post-margin'  href='http:\/\/www.dgrsantiago.gov.ar\/?ufaq=cuales-son-los-medios-de-pago-del-impuesto-f-r-s'>\n\n\t\t<div class='ewd-ufaq-post-margin-symbol ewd-ufaq-square'>\n\t\t\t<span >a<\/span>\n\t\t<\/div>\n\n\t\t<div class='ewd-ufaq-faq-title-text'>\n\n\t\t\t<h4>\n\t\t\t\t\u00bfCU\u00c1LES SON LOS MEDIOS DE PAGO DEL IMPUESTO F.R.S.?\t\t\t<\/h4>\n\n\t\t<\/div>\n\n\t\t<div class='ewd-ufaq-clear'><\/div>\n\n\t<\/a>\n\t\n<\/div>\n\t\n\t<div class='ewd-ufaq-faq-body ewd-ufaq-hidden' >\n\n\t\t\n\t\t\t\n\t\t\n\t\t\t<div class='ewd-ufaq-post-margin ewd-ufaq-faq-post'>\n\t<p>Los medios de pago existentes son:<\/p>\n<ol>\n<li>Efectivo.<\/li>\n<li>Cheque, en los t\u00e9rminos de la Resoluci\u00f3n General N\u00ba 18\/2008.<\/li>\n<li>Pago Electr\u00f3nico a trav\u00e9s del Home Banking \/ Banca Empresa de la Red Link.<\/li>\n<\/ol>\n<p><a href=\"http:\/\/test.dgrsantiago.gob.ar\/wp-content\/uploads\/2018\/12\/Pagos-Electronico-Res.-Gral-42-18.pdf\" target=\"_blank\" rel=\"noopener\"><img loading=\"lazy\" decoding=\"async\" class=\"alignleft wp-image-2529 size-full\" src=\"http:\/\/test.dgrsantiago.gob.ar\/wp-content\/uploads\/2017\/12\/iconos-2.png\" alt=\"\" width=\"200\" height=\"49\" \/><\/a><\/p>\n<p>\u00a0<\/p>\n<p>\u00a0<\/p>\n<p>\u00a0<\/p>\n<p>La <strong>LEY N\u00ba 7.271<\/strong> establece:<\/p>\n<p><strong>ART. 10\u00ba.-<\/strong> Der\u00f3gase, a partir del 1\u00ba de Enero de 2.019, las Leyes N\u00ba 5.352 y 5.595 y toda otra norma relativa al Impuesto \u00abFondo de Reparaci\u00f3n Social\u00bb.<\/p>\n<p>\u00a0<\/p>\n<\/div>\n\t\t\n\t\t\t<div class='ewd-ufaq-faq-custom-fields'>\n\n\t\n<\/div>\n\t\t\n\t\t\t\n\t\t\n\t\t\t\n\t\t\n\t\t\t\n\t\t\n\t\t\t\n\t\t\n\t\t\t\n\t\t\n\t\t\t\n\t\t\n\t\t\t\n\t\t\n\t<\/div>\n\n<\/div><div  class=\"ewd-ufaq-faq-div ewd-ufaq-faq-column-count-one ewd-ufaq-faq-responsive-columns- ewd-ufaq-faq-display-style-default ewd-ufaq-can-be-toggled\" id='ewd-ufaq-post-1316-acH03f8bD9' data-post_id='1316'>\n\n\t<div class='ewd-ufaq-faq-title ewd-ufaq-faq-toggle'>\n\t\n\t<a class='ewd-ufaq-post-margin'  href='http:\/\/www.dgrsantiago.gov.ar\/?ufaq=cuales-son-las-entidades-habilitadas-para-cobrar-los-impuestos-provinciales-que-recauda-la-dgr'>\n\n\t\t<div class='ewd-ufaq-post-margin-symbol ewd-ufaq-square'>\n\t\t\t<span >a<\/span>\n\t\t<\/div>\n\n\t\t<div class='ewd-ufaq-faq-title-text'>\n\n\t\t\t<h4>\n\t\t\t\t\u00bfCU\u00c1LES SON LAS ENTIDADES HABILITADAS PARA COBRAR LOS IMPUESTOS PROVINCIALES QUE RECAUDA LA DGR?\t\t\t<\/h4>\n\n\t\t<\/div>\n\n\t\t<div class='ewd-ufaq-clear'><\/div>\n\n\t<\/a>\n\t\n<\/div>\n\t\n\t<div class='ewd-ufaq-faq-body ewd-ufaq-hidden' >\n\n\t\t\n\t\t\t\n\t\t\n\t\t\t<div class='ewd-ufaq-post-margin ewd-ufaq-faq-post'>\n\t<p>Las entidades bancarias habilitadas para el cobro en efectivo de los impuestos provinciales son:<\/p>\n<ul>\n<li>BANCO SANTIAGO DEL ESTERO (casas central y sucursales, Sol Pago).<\/li>\n<\/ul>\n<\/div>\n\t\t\n\t\t\t<div class='ewd-ufaq-faq-custom-fields'>\n\n\t\n<\/div>\n\t\t\n\t\t\t\n\t\t\n\t\t\t\n\t\t\n\t\t\t\n\t\t\n\t\t\t\n\t\t\n\t\t\t\n\t\t\n\t\t\t\n\t\t\n\t\t\t\n\t\t\n\t<\/div>\n\n<\/div>\n\t<\/div>\n\n\t\n<\/div>\n","protected":false},"excerpt":{"rendered":"<p>A \u00bfCU\u00c1LES SON LAS ENTIDADES HABILITADAS PARA COBRAR LOS IMPUESTOS PROVINCIALES QUE RECAUDA LA DGR? Las entidades bancarias habilitadas para el cobro en efectivo de los impuestos provinciales son: BANCO SANTIAGO DEL ESTERO (casas central y sucursales, Sol Pago).<\/p>\n","protected":false},"author":1,"featured_media":0,"parent":0,"menu_order":0,"comment_status":"closed","ping_status":"closed","template":"","meta":{"footnotes":""},"_links":{"self":[{"href":"http:\/\/www.dgrsantiago.gov.ar\/index.php?rest_route=\/wp\/v2\/pages\/733"}],"collection":[{"href":"http:\/\/www.dgrsantiago.gov.ar\/index.php?rest_route=\/wp\/v2\/pages"}],"about":[{"href":"http:\/\/www.dgrsantiago.gov.ar\/index.php?rest_route=\/wp\/v2\/types\/page"}],"author":[{"embeddable":true,"href":"http:\/\/www.dgrsantiago.gov.ar\/index.php?rest_route=\/wp\/v2\/users\/1"}],"replies":[{"embeddable":true,"href":"http:\/\/www.dgrsantiago.gov.ar\/index.php?rest_route=%2Fwp%2Fv2%2Fcomments&post=733"}],"version-history":[{"count":4,"href":"http:\/\/www.dgrsantiago.gov.ar\/index.php?rest_route=\/wp\/v2\/pages\/733\/revisions"}],"predecessor-version":[{"id":1452,"href":"http:\/\/www.dgrsantiago.gov.ar\/index.php?rest_route=\/wp\/v2\/pages\/733\/revisions\/1452"}],"wp:attachment":[{"href":"http:\/\/www.dgrsantiago.gov.ar\/index.php?rest_route=%2Fwp%2Fv2%2Fmedia&parent=733"}],"curies":[{"name":"wp","href":"https:\/\/api.w.org\/{rel}","templated":true}]}}