{"id":8341,"date":"2020-12-24T05:14:52","date_gmt":"2020-12-24T05:14:52","guid":{"rendered":"http:\/\/www.dgrsantiago.gob.ar\/?page_id=8341"},"modified":"2020-12-24T05:14:52","modified_gmt":"2020-12-24T05:14:52","slug":"faq-moratoria-ley-n-7302","status":"publish","type":"page","link":"http:\/\/www.dgrsantiago.gov.ar\/?page_id=8341","title":{"rendered":"FAQ &#8211; Moratoria Ley N\u00b0 7302"},"content":{"rendered":"<p><img loading=\"lazy\" decoding=\"async\" class=\"faqcategorias alignnone wp-image-1430 size-full\" src=\"http:\/\/test.dgrsantiago.gob.ar\/wp-content\/uploads\/2017\/11\/faq.png\" alt=\"\" width=\"1920\" height=\"200\" srcset=\"http:\/\/www.dgrsantiago.gov.ar\/wp-content\/uploads\/2017\/11\/faq.png 1920w, http:\/\/www.dgrsantiago.gov.ar\/wp-content\/uploads\/2017\/11\/faq-300x31.png 300w, http:\/\/www.dgrsantiago.gov.ar\/wp-content\/uploads\/2017\/11\/faq-768x80.png 768w, http:\/\/www.dgrsantiago.gov.ar\/wp-content\/uploads\/2017\/11\/faq-1024x107.png 1024w\" sizes=\"(max-width: 1920px) 100vw, 1920px\" \/><\/p>\n<p>FAQ &#8211; Moratoria Ley N\u00b0 7302<\/p>\n<p>&nbsp;<\/p>\n<style>.ewd-ufaq-post-margin-symbol span {\nmargin-top:15px;\n}\n\n.ufaq-faq-title-text {\nfloat:left;\nwidth:90%;\nbackground-color:#9aca3c;\ncolor:white;\npadding:17px;\nmargin-bottom:17px!important;\n}<\/style><div  class=\"ewd-ufaq-faq-list ewd-ufaq-page-type-load_more\" id='ewd-ufaq-faq-list'>\n\n\t<input type='hidden' name='include_category' value='moratoria-ley-7302' id='ewd-ufaq-include-category' \/>\n<input type='hidden' name='exclude_category' value='' id='ewd-ufaq-exclude-category' \/>\n<input type='hidden' name='orderby' value='date' id='ewd-ufaq-orderby' \/>\n<input type='hidden' name='order' value='desc' id='ewd-ufaq-order' \/>\n<input type='hidden' name='post_count' value='-1' id='ewd-ufaq-post-count' \/>\n<input type='hidden' name='current_url' value='\/index.php?rest_route=%2Fwp%2Fv2%2Fpages%2F8341' id='ewd-ufaq-current-url' \/>\n\t\n\t\n\t<div class='ewd-ufaq-faqs'>\n\n\t\t<div  class=\"ewd-ufaq-faq-div ewd-ufaq-faq-column-count-one ewd-ufaq-faq-responsive-columns- ewd-ufaq-faq-display-style-default ewd-ufaq-can-be-toggled\" id='ewd-ufaq-post-8354-MIK0EaQ7mL' data-post_id='8354'>\n\n\t<div class='ewd-ufaq-faq-title ewd-ufaq-faq-toggle'>\n\t\n\t<a class='ewd-ufaq-post-margin'  href='http:\/\/www.dgrsantiago.gov.ar\/?ufaq=cuales-son-los-beneficios-de-la-moratoria'>\n\n\t\t<div class='ewd-ufaq-post-margin-symbol ewd-ufaq-square'>\n\t\t\t<span >a<\/span>\n\t\t<\/div>\n\n\t\t<div class='ewd-ufaq-faq-title-text'>\n\n\t\t\t<h4>\n\t\t\t\t\u00bfCU\u00c1LES SON LOS BENEFICIOS DE LA MORATORIA?\t\t\t<\/h4>\n\n\t\t<\/div>\n\n\t\t<div class='ewd-ufaq-clear'><\/div>\n\n\t<\/a>\n\t\n<\/div>\n\t\n\t<div class='ewd-ufaq-faq-body ewd-ufaq-hidden' >\n\n\t\t\n\t\t\t\n\t\t\n\t\t\t<div class='ewd-ufaq-post-margin ewd-ufaq-faq-post'>\n\t<p>Se establecen los siguientes beneficios:<\/p>\n<p>\u00a0<\/p>\n<ul>\n<li>\u00a0Condonaci\u00f3n de intereses consolidados.<\/li>\n<\/ul>\n<p>a) En un 70% en el caso de acogerse al plan especial de regularizaci\u00f3n de pago al contado;<\/p>\n<p>b) En un 50% en el caso de acogerse al plan de regularizaci\u00f3n de hasta 6 cuotas;<\/p>\n<p>c) En un 30% en el caso de acoger al plan de regularizaci\u00f3n de hasta 60 cuotas.<\/p>\n<p>\u00a0<\/p>\n<ul>\n<li>\u00a0Condonaci\u00f3n de multas del 109\u00b0 y 110\u00b0, el 100%.<\/li>\n<\/ul>\n<\/div>\n\t\t\n\t\t\t<div class='ewd-ufaq-faq-custom-fields'>\n\n\t\n<\/div>\n\t\t\n\t\t\t\n\t\t\n\t\t\t\n\t\t\n\t\t\t\n\t\t\n\t\t\t\n\t\t\n\t\t\t\n\t\t\n\t\t\t\n\t\t\n\t\t\t\n\t\t\n\t<\/div>\n\n<\/div><div  class=\"ewd-ufaq-faq-div ewd-ufaq-faq-column-count-one ewd-ufaq-faq-responsive-columns- ewd-ufaq-faq-display-style-default ewd-ufaq-can-be-toggled\" id='ewd-ufaq-post-8351-gUXJDAqT8R' data-post_id='8351'>\n\n\t<div class='ewd-ufaq-faq-title ewd-ufaq-faq-toggle'>\n\t\n\t<a class='ewd-ufaq-post-margin'  href='http:\/\/www.dgrsantiago.gov.ar\/?ufaq=poseo-clave-fiscal-de-la-dgr-como-me-adhiero-a-la-moratoria'>\n\n\t\t<div class='ewd-ufaq-post-margin-symbol ewd-ufaq-square'>\n\t\t\t<span >a<\/span>\n\t\t<\/div>\n\n\t\t<div class='ewd-ufaq-faq-title-text'>\n\n\t\t\t<h4>\n\t\t\t\tPOSEO CLAVE FISCAL DE LA DGR \u00bfC\u00d3MO ME ADHIERO A LA MORATORIA?\t\t\t<\/h4>\n\n\t\t<\/div>\n\n\t\t<div class='ewd-ufaq-clear'><\/div>\n\n\t<\/a>\n\t\n<\/div>\n\t\n\t<div class='ewd-ufaq-faq-body ewd-ufaq-hidden' >\n\n\t\t\n\t\t\t\n\t\t\n\t\t\t<div class='ewd-ufaq-post-margin ewd-ufaq-faq-post'>\n\t<p>Para adherirse a la Moratoria, el contribuyente deber\u00e1 seguir los pasos indicados en los correspondientes instructivos.<\/p>\n<ol>\n<li><a href=\"http:\/\/www.dgrsantiago.gob.ar\/wp-content\/uploads\/2021\/01\/Manual-Usuario-Moratoria-Carga-de-Deudas-1.pdf\">Instructivo Carga de Deudas<\/a><\/li>\n<\/ol>\n<p>2. <a href=\"http:\/\/www.dgrsantiago.gob.ar\/wp-content\/uploads\/2021\/01\/Confeccion-Plan-de-Pago.pdf\">Instructivo Confeccion de Plan de Pago<\/a><\/p>\n\n\n<p><\/p>\n<\/div>\n\t\t\n\t\t\t<div class='ewd-ufaq-faq-custom-fields'>\n\n\t\n<\/div>\n\t\t\n\t\t\t\n\t\t\n\t\t\t\n\t\t\n\t\t\t\n\t\t\n\t\t\t\n\t\t\n\t\t\t\n\t\t\n\t\t\t\n\t\t\n\t\t\t\n\t\t\n\t<\/div>\n\n<\/div><div  class=\"ewd-ufaq-faq-div ewd-ufaq-faq-column-count-one ewd-ufaq-faq-responsive-columns- ewd-ufaq-faq-display-style-default ewd-ufaq-can-be-toggled\" id='ewd-ufaq-post-8349-PczR56KEMT' data-post_id='8349'>\n\n\t<div class='ewd-ufaq-faq-title ewd-ufaq-faq-toggle'>\n\t\n\t<a class='ewd-ufaq-post-margin'  href='http:\/\/www.dgrsantiago.gov.ar\/?ufaq=no-poseo-clave-fiscal-para-moratoria-como-la-obtengo'>\n\n\t\t<div class='ewd-ufaq-post-margin-symbol ewd-ufaq-square'>\n\t\t\t<span >a<\/span>\n\t\t<\/div>\n\n\t\t<div class='ewd-ufaq-faq-title-text'>\n\n\t\t\t<h4>\n\t\t\t\tNO POSEO CLAVE FISCAL PARA MORATORIA \u00bfC\u00d3MO LA OBTENGO?\t\t\t<\/h4>\n\n\t\t<\/div>\n\n\t\t<div class='ewd-ufaq-clear'><\/div>\n\n\t<\/a>\n\t\n<\/div>\n\t\n\t<div class='ewd-ufaq-faq-body ewd-ufaq-hidden' >\n\n\t\t\n\t\t\t\n\t\t\n\t\t\t<div class='ewd-ufaq-post-margin ewd-ufaq-faq-post'>\n\t<p>Aquellos contribuyentes que no tengan clave fiscal, podr\u00e1n solicitarla v\u00eda web o en forma presencial.<\/p>\n<p><strong>a)<\/strong> Para realizar el <strong>tr\u00e1mite en forma presencial<\/strong>, deber\u00e1 presentar la siguiente documentaci\u00f3n:<\/p>\n<ol>\n<li>Formulario de Empadronamiento (F.00.001F) en dos (2) ejemplares.<\/li>\n<li>DNI original y copia, para argentinos y extranjeros. En caso de ser extranjeros que no posean documento nacional de identidad: fotocopia de la cedula de identidad, o del certificado o comprobante que acredite el n\u00famero de expediente asignado por la Direcci\u00f3n Nacional de Migraciones, donde conste el car\u00e1cter de su residencia.<\/li>\n<\/ol>\n<p><strong>b)<\/strong> Para realizar <strong>el tr\u00e1mite v\u00eda web<\/strong>, deber\u00e1 hacerlo a trav\u00e9s de la siguiente direcci\u00f3n de correo electr\u00f3nico: <strong>clavefiscalweb@dgrsantiago.gob.ar<\/strong>, adjuntando la siguiente documentaci\u00f3n:<\/p>\n<ol>\n<li>Formulario de Empadronamiento (F.00.001F).<\/li>\n<li>DNI.<\/li>\n<\/ol>\n<p><strong>c)<\/strong> Los <strong>contribuyentes inscriptos en el r\u00e9gimen de Convenio Multilateral<\/strong>, podr\u00e1n solicitar su clave fiscal <strong>v\u00eda web o en forma presencial<\/strong>, para lo cual se deber\u00e1 presentar la siguiente documentaci\u00f3n:<\/p>\n<p><strong><u>Personas Humanas:<\/u><\/strong><\/p>\n<ol>\n<li>Formulario de Empadronamiento (F.00.001F), con firma certificada por autoridad notarial, policial, bancaria o juez de paz.<\/li>\n<li>Fotocopia DNI.<\/li>\n<li>Constancia AFIP.<\/li>\n<li>Boleta de Servicio.<\/li>\n<li>Formulario CM03 del \u00faltimo periodo vencido.<\/li>\n<\/ol>\n<p><strong><u>Personas Jur\u00eddicas:<\/u><\/strong><\/p>\n<ol>\n<li>Formulario de Empadronamiento (F.00.001F), con firma certificada por autoridad notarial, policial, bancaria o juez de paz.<\/li>\n<li>Contrato Social\/Estatuto.<\/li>\n<li>Fotocopia de DNI de 2 Socios.<\/li>\n<li>Boleta de Servicio.<\/li>\n<li>Constancia AFIP.<\/li>\n<li>Formulario CM03 del \u00faltimo periodo vencido.<\/li>\n<\/ol>\n<p>De solicitar clave fiscal <strong>v\u00eda web<\/strong>, deber\u00e1 enviar la documentaci\u00f3n al siguiente correo electr\u00f3nico: <strong>conveniomultilateral@dgrsantiago.gob.ar<\/strong>; Asunto: Solicitud de clave fiscal.<\/p>\n<p>Una vez que el contribuyente obtenga su Clave Fiscal, previo a cualquier tr\u00e1mite, deber\u00e1 constituir Domicilio Fiscal Electr\u00f3nico, como as\u00ed tambi\u00e9n denunciar un correo electr\u00f3nico y un n\u00famero de tel\u00e9fono v\u00e1lidos.<\/p>\n<p>Una vez obtenida la clave fiscal, realizar:<\/p>\n<ol>\n<li><a href=\"http:\/\/test.dgrsantiago.gob.ar\/wp-content\/uploads\/2020\/12\/Instructivo-Carga-de-Deudas.pdf\">Instructivo Carga de Deudas<\/a><\/li>\n<li><a href=\"http:\/\/test.dgrsantiago.gob.ar\/wp-content\/uploads\/2020\/12\/Instructivo-Confeccion-Plan-de-Pago.pdf\">Instructivo Confeccion Plan de Pago<\/a><\/li>\n<\/ol>\n<hr \/>\n<p><strong><u>\u00bfC\u00d3MO OBTENER LOS FORMULARIOS DE INSCRIPCI\u00d3N F.00.001J Y F.00.001F?<\/u><\/strong><\/p>\n<ol>\n<li>Ingresar a la p\u00e1gina de la Direcci\u00f3n General de Rentas <a href=\"http:\/\/www.dgrsantiago.gov.ar\/\">http:\/\/www.dgrsantiago.gov.ar\/<\/a><\/li>\n<li>Opci\u00f3n \u201c<strong>Ingreso libre a DGR Online\u201d,<\/strong>\u00a0m\u00f3dulo <strong>G\u00c9NESIS.<\/strong><\/li>\n<li>Completar y registrar los datos generales de la persona y del domicilio del contribuyente, que son requeridos en los formularios identificados con los siguientes \u00edconos:<\/li>\n<\/ol>\n<p><img loading=\"lazy\" decoding=\"async\" class=\"alignnone  wp-image-8390\" src=\"http:\/\/www.dgrsantiago.gob.ar\/wp-content\/uploads\/2020\/12\/Iconos-formularios.png\" alt=\"\" width=\"525\" height=\"307\" srcset=\"http:\/\/www.dgrsantiago.gov.ar\/wp-content\/uploads\/2020\/12\/Iconos-formularios.png 899w, http:\/\/www.dgrsantiago.gov.ar\/wp-content\/uploads\/2020\/12\/Iconos-formularios-300x175.png 300w, http:\/\/www.dgrsantiago.gov.ar\/wp-content\/uploads\/2020\/12\/Iconos-formularios-768x448.png 768w\" sizes=\"(max-width: 525px) 100vw, 525px\" \/><\/p>\n<p>4. Guardar la informaci\u00f3n e imprimir los formularios.<\/p>\n<\/div>\n\t\t\n\t\t\t<div class='ewd-ufaq-faq-custom-fields'>\n\n\t\n<\/div>\n\t\t\n\t\t\t\n\t\t\n\t\t\t\n\t\t\n\t\t\t\n\t\t\n\t\t\t\n\t\t\n\t\t\t\n\t\t\n\t\t\t\n\t\t\n\t\t\t\n\t\t\n\t<\/div>\n\n<\/div><div  class=\"ewd-ufaq-faq-div ewd-ufaq-faq-column-count-one ewd-ufaq-faq-responsive-columns- ewd-ufaq-faq-display-style-default ewd-ufaq-can-be-toggled\" id='ewd-ufaq-post-8348-FxQfv4GOvY' data-post_id='8348'>\n\n\t<div class='ewd-ufaq-faq-title ewd-ufaq-faq-toggle'>\n\t\n\t<a class='ewd-ufaq-post-margin'  href='http:\/\/www.dgrsantiago.gov.ar\/?ufaq=que-normativa-rige-la-moratoria'>\n\n\t\t<div class='ewd-ufaq-post-margin-symbol ewd-ufaq-square'>\n\t\t\t<span >a<\/span>\n\t\t<\/div>\n\n\t\t<div class='ewd-ufaq-faq-title-text'>\n\n\t\t\t<h4>\n\t\t\t\t\u00bfQU\u00c9 NORMATIVA RIGE LA MORATORIA?\t\t\t<\/h4>\n\n\t\t<\/div>\n\n\t\t<div class='ewd-ufaq-clear'><\/div>\n\n\t<\/a>\n\t\n<\/div>\n\t\n\t<div class='ewd-ufaq-faq-body ewd-ufaq-hidden' >\n\n\t\t\n\t\t\t\n\t\t\n\t\t\t<div class='ewd-ufaq-post-margin ewd-ufaq-faq-post'>\n\t<p>La Ley N\u00b0 7.302\u00a0establece un R\u00e9gimen de Regularizaci\u00f3n Tributaria\u00a0de car\u00e1cter\u00a0general,\u00a0con condenaci\u00f3n de\u00a0intereses y\u00a0multas\u00a0de los Arts. 109\u00b0\u00a0y\u00a0110\u00b0\u00a0de la Ley N\u00b0 6.792.<\/p>\n<p><a href=\"http:\/\/test.dgrsantiago.gob.ar\/wp-content\/uploads\/2020\/12\/DESCARGAR-LEY-7.302-1.pdf\">DESCARGAR LEY 7302<\/a><\/p>\n<p><a href=\"http:\/\/www.dgrsantiago.gov.ar\/wp-content\/uploads\/2021\/03\/DESCARGAR-DTO-288-2021.pdf\">DESCARGAR DTO 288-2021<\/a><\/p>\n<p><a href=\"http:\/\/test.dgrsantiago.gob.ar\/wp-content\/uploads\/2020\/12\/DESCARGAR-RG-60-2020-1.pdf\">DESCARGAR RG 60-2020<\/a><\/p>\n<p><a href=\"http:\/\/www.dgrsantiago.gov.ar\/wp-content\/uploads\/2021\/04\/DESCARGAR-DTO-729-2021.pdf\">DESCARGAR DTO 729-2021<\/a><\/p>\n<p><a href=\"http:\/\/www.dgrsantiago.gov.ar\/wp-content\/uploads\/2021\/05\/DESCARGAR-DTO-1049-2021.pdf\">DESCARGAR DTO 1049-2021<\/a><\/p>\n<p><a href=\"http:\/\/www.dgrsantiago.gov.ar\/wp-content\/uploads\/2021\/06\/DESCARGAR-DTO-1149-2021.pdf\">DESCARGAR DTO 1149-2021<\/a><\/p>\n<p><a href=\"http:\/\/www.dgrsantiago.gov.ar\/wp-content\/uploads\/2021\/06\/DESCARGAR-DTO-1276-2021.pdf\">DESCARGAR DTO 1276-2021<\/a><\/p>\n<p><a href=\"http:\/\/www.dgrsantiago.gov.ar\/wp-content\/uploads\/2021\/08\/DESCARGAR-RG-4052-2021.pdf\">DESCARGAR RG 4052-2021<\/a><\/p>\n<p><a href=\"http:\/\/www.dgrsantiago.gov.ar\/wp-content\/uploads\/2021\/08\/DESCARGAR-DTO-1694-2021.pdf\">DESCARGAR DTO 1694-2021<\/a><\/p>\n<p><a href=\"http:\/\/www.dgrsantiago.gov.ar\/wp-content\/uploads\/2021\/09\/DESCARGAR-DTO-2043-2021.pdf\">DESCARGAR DTO 2043-2021<\/a><\/p>\n<p><a href=\"http:\/\/www.dgrsantiago.gov.ar\/wp-content\/uploads\/2021\/09\/DESCARGAR-RG-5010-2021.pdf\">DESCARGAR RG 5010-2021<\/a><\/p>\n<p><a href=\"http:\/\/www.dgrsantiago.gov.ar\/wp-content\/uploads\/2021\/12\/DESCARGAR-DTO-2833-2021.pdf\">DESCARGAR DTO 2833-2021<\/a><\/p>\n<p><a href=\"http:\/\/www.dgrsantiago.gov.ar\/wp-content\/uploads\/2021\/12\/DESCARGAR-RG-7864-2021.pdf\">DESCARGAR RG 7864-2021<\/a><\/p>\n<p><a href=\"http:\/\/www.dgrsantiago.gov.ar\/wp-content\/uploads\/2022\/01\/DESCARGAR-DTO-136-2022.pdf\">DESCARGAR DTO 136-2022<\/a><\/p>\n<p><a href=\"http:\/\/www.dgrsantiago.gov.ar\/wp-content\/uploads\/2022\/01\/DESCARGAR-RG-339-2022.pdf\">DESCARGAR RG 339-2022<\/a><\/p>\n<p><a href=\"http:\/\/www.dgrsantiago.gov.ar\/wp-content\/uploads\/2022\/02\/DESCARGAR-RG-719-2022.pdf\">DESCARGAR RG 719-2022<\/a><\/p>\n<p><a href=\"http:\/\/www.dgrsantiago.gov.ar\/wp-content\/uploads\/2022\/02\/DESCARGAR-DTO-276-2022.pdf\">DESCARGAR DTO 276-2022<\/a><\/p>\n<p><a href=\"http:\/\/www.dgrsantiago.gov.ar\/wp-content\/uploads\/2022\/02\/DESCARGAR-DTO-368-2022.pdf\">DESCARGAR DTO 368-2022<\/a><\/p>\n<p><a href=\"http:\/\/www.dgrsantiago.gov.ar\/wp-content\/uploads\/2022\/04\/DESCARGAR-DTO-765-2022.pdf\">DESCARGAR DTO 765-2022<\/a><\/p>\n<p><a href=\"http:\/\/www.dgrsantiago.gov.ar\/wp-content\/uploads\/2022\/06\/DESCARGAR-DTO-1357-2022.pdf\">DESCARGAR DTO 1357-2022<\/a><\/p>\n<p><a href=\"http:\/\/www.dgrsantiago.gov.ar\/wp-content\/uploads\/2022\/08\/DESCARGAR-RG-5590-2022.pdf\">DESCARGAR RG 5590-2022<\/a><\/p>\n<p><a href=\"http:\/\/www.dgrsantiago.gov.ar\/wp-content\/uploads\/2022\/08\/DESCARGAR-DTO-1848-2022.pdf\">DESCARGAR DTO 1848-2022<\/a><\/p>\n\n\n<p><\/p>\n<\/div>\n\t\t\n\t\t\t<div class='ewd-ufaq-faq-custom-fields'>\n\n\t\n<\/div>\n\t\t\n\t\t\t\n\t\t\n\t\t\t\n\t\t\n\t\t\t\n\t\t\n\t\t\t\n\t\t\n\t\t\t\n\t\t\n\t\t\t\n\t\t\n\t\t\t\n\t\t\n\t<\/div>\n\n<\/div><div  class=\"ewd-ufaq-faq-div ewd-ufaq-faq-column-count-one ewd-ufaq-faq-responsive-columns- ewd-ufaq-faq-display-style-default ewd-ufaq-can-be-toggled\" id='ewd-ufaq-post-8347-v9pBPAhs7X' data-post_id='8347'>\n\n\t<div class='ewd-ufaq-faq-title ewd-ufaq-faq-toggle'>\n\t\n\t<a class='ewd-ufaq-post-margin'  href='http:\/\/www.dgrsantiago.gov.ar\/?ufaq=quienes-pueden-adherirse-a-la-moratoria-y-hasta-que-fecha'>\n\n\t\t<div class='ewd-ufaq-post-margin-symbol ewd-ufaq-square'>\n\t\t\t<span >a<\/span>\n\t\t<\/div>\n\n\t\t<div class='ewd-ufaq-faq-title-text'>\n\n\t\t\t<h4>\n\t\t\t\t\u00bfQUI\u00c9NES PUEDEN ADHERIRSE A LA MORATORIA Y HASTA QUE FECHA?\t\t\t<\/h4>\n\n\t\t<\/div>\n\n\t\t<div class='ewd-ufaq-clear'><\/div>\n\n\t<\/a>\n\t\n<\/div>\n\t\n\t<div class='ewd-ufaq-faq-body ewd-ufaq-hidden' >\n\n\t\t\n\t\t\t\n\t\t\n\t\t\t<div class='ewd-ufaq-post-margin ewd-ufaq-faq-post'>\n\t<p>Todos los contribuyentes y dem\u00e1s responsables por los impuestos, tasas y contribuciones, cuya recaudaci\u00f3n se encuentre a cargo de la Direcci\u00f3n General de Rentas por obligaciones vencidas o infracciones cometidas hasta el 31 de diciembre de 2021.<br \/>\nLa adhesi\u00f3n al r\u00e9gimen establecido en la presente ley podr\u00e1 realizarse hasta el d\u00eda 30\/12\/2022, seg\u00fan lo establece el Decreto N\u00b0 1848\/2022.<\/p>\n<p><a href=\"http:\/\/www.dgrsantiago.gov.ar\/wp-content\/uploads\/2022\/08\/DESCARGAR-DTO-1848-2022.pdf\">DESCARGAR DTO 1848-2022<\/a><\/p>\n<\/div>\n\t\t\n\t\t\t<div class='ewd-ufaq-faq-custom-fields'>\n\n\t\n<\/div>\n\t\t\n\t\t\t\n\t\t\n\t\t\t\n\t\t\n\t\t\t\n\t\t\n\t\t\t\n\t\t\n\t\t\t\n\t\t\n\t\t\t\n\t\t\n\t\t\t\n\t\t\n\t<\/div>\n\n<\/div><div  class=\"ewd-ufaq-faq-div ewd-ufaq-faq-column-count-one ewd-ufaq-faq-responsive-columns- ewd-ufaq-faq-display-style-default ewd-ufaq-can-be-toggled\" id='ewd-ufaq-post-8346-HEROKlUpnC' data-post_id='8346'>\n\n\t<div class='ewd-ufaq-faq-title ewd-ufaq-faq-toggle'>\n\t\n\t<a class='ewd-ufaq-post-margin'  href='http:\/\/www.dgrsantiago.gov.ar\/?ufaq=vigencia-de-la-moratoria'>\n\n\t\t<div class='ewd-ufaq-post-margin-symbol ewd-ufaq-square'>\n\t\t\t<span >a<\/span>\n\t\t<\/div>\n\n\t\t<div class='ewd-ufaq-faq-title-text'>\n\n\t\t\t<h4>\n\t\t\t\tVIGENCIA DE LA MORATORIA\t\t\t<\/h4>\n\n\t\t<\/div>\n\n\t\t<div class='ewd-ufaq-clear'><\/div>\n\n\t<\/a>\n\t\n<\/div>\n\t\n\t<div class='ewd-ufaq-faq-body ewd-ufaq-hidden' >\n\n\t\t\n\t\t\t\n\t\t\n\t\t\t<div class='ewd-ufaq-post-margin ewd-ufaq-faq-post'>\n\t<p>A partir del 28 de Diciembre de 2020, se encuentra vigente el R\u00e9gimen de Regularizaci\u00f3n Tributaria.<\/p>\n<\/div>\n\t\t\n\t\t\t<div class='ewd-ufaq-faq-custom-fields'>\n\n\t\n<\/div>\n\t\t\n\t\t\t\n\t\t\n\t\t\t\n\t\t\n\t\t\t\n\t\t\n\t\t\t\n\t\t\n\t\t\t\n\t\t\n\t\t\t\n\t\t\n\t\t\t\n\t\t\n\t<\/div>\n\n<\/div><div  class=\"ewd-ufaq-faq-div ewd-ufaq-faq-column-count-one ewd-ufaq-faq-responsive-columns- ewd-ufaq-faq-display-style-default ewd-ufaq-can-be-toggled\" id='ewd-ufaq-post-8345-cJfr31tOm6' data-post_id='8345'>\n\n\t<div class='ewd-ufaq-faq-title ewd-ufaq-faq-toggle'>\n\t\n\t<a class='ewd-ufaq-post-margin'  href='http:\/\/www.dgrsantiago.gov.ar\/?ufaq=que-obligaciones-se-encuentran-incluidas'>\n\n\t\t<div class='ewd-ufaq-post-margin-symbol ewd-ufaq-square'>\n\t\t\t<span >a<\/span>\n\t\t<\/div>\n\n\t\t<div class='ewd-ufaq-faq-title-text'>\n\n\t\t\t<h4>\n\t\t\t\t\u00bfQU\u00c9 OBLIGACIONES SE ENCUENTRAN INCLUIDAS?\t\t\t<\/h4>\n\n\t\t<\/div>\n\n\t\t<div class='ewd-ufaq-clear'><\/div>\n\n\t<\/a>\n\t\n<\/div>\n\t\n\t<div class='ewd-ufaq-faq-body ewd-ufaq-hidden' >\n\n\t\t\n\t\t\t\n\t\t\n\t\t\t<div class='ewd-ufaq-post-margin ewd-ufaq-faq-post'>\n\t<p>Quedan incluidas en el presente r\u00e9gimen las siguientes obligaciones, sin perjuicio de hallarse exteriorizadas o no:<br \/>\n        Las provenientes de declaraciones juradas, determinaciones de oficio, anticipos, y pago a cuenta;<br \/>\n        a) Las que se encuentren en curso de discusi\u00f3n administrativa, contencioso administrativa o bien cobro ejecutivo, incluso aquellas con sentencia firme la fecha de Sanci\u00f3n de la presente ley;<br \/>\n        b) Las provenientes de retenciones, percepciones o recaudaciones omitidas;<br \/>\n        c) Saldos impagos de los planes de facilidades de pago previstos en el C\u00f3digo Fiscal, vigentes o no. <\/p>\n<\/div>\n\t\t\n\t\t\t<div class='ewd-ufaq-faq-custom-fields'>\n\n\t\n<\/div>\n\t\t\n\t\t\t\n\t\t\n\t\t\t\n\t\t\n\t\t\t\n\t\t\n\t\t\t\n\t\t\n\t\t\t\n\t\t\n\t\t\t\n\t\t\n\t\t\t\n\t\t\n\t<\/div>\n\n<\/div><div  class=\"ewd-ufaq-faq-div ewd-ufaq-faq-column-count-one ewd-ufaq-faq-responsive-columns- ewd-ufaq-faq-display-style-default ewd-ufaq-can-be-toggled\" id='ewd-ufaq-post-8340-MFGO2cFzTZ' data-post_id='8340'>\n\n\t<div class='ewd-ufaq-faq-title ewd-ufaq-faq-toggle'>\n\t\n\t<a class='ewd-ufaq-post-margin'  href='http:\/\/www.dgrsantiago.gov.ar\/?ufaq=quienes-se-encuentran-excluidos-del-regimen'>\n\n\t\t<div class='ewd-ufaq-post-margin-symbol ewd-ufaq-square'>\n\t\t\t<span >a<\/span>\n\t\t<\/div>\n\n\t\t<div class='ewd-ufaq-faq-title-text'>\n\n\t\t\t<h4>\n\t\t\t\t\u00bfQUI\u00c9NES SE ENCUENTRAN EXCLUIDOS DEL R\u00c9GIMEN?\t\t\t<\/h4>\n\n\t\t<\/div>\n\n\t\t<div class='ewd-ufaq-clear'><\/div>\n\n\t<\/a>\n\t\n<\/div>\n\t\n\t<div class='ewd-ufaq-faq-body ewd-ufaq-hidden' >\n\n\t\t\n\t\t\t\n\t\t\n\t\t\t<div class='ewd-ufaq-post-margin ewd-ufaq-faq-post'>\n\t<p>Quedan excluidos del presente r\u00e9gimen los siguientes contribuyentes y responsables:<br \/>\n             a) Que a la fecha de acogimiento en el presente r\u00e9gimen hayan sido declarados en Estado de Quiebra conforme a la Ley N\u00b0 24.522 y sus modificatorias;<br \/>\n             b) Que a la fecha de acogimiento en el presente r\u00e9gimen hayan sido denunciados formalmente o querellados penalmente por delitos comunes que tengan conexi\u00f3n con el incumplimiento de sus obligaciones tributarias o de terceros. Al momento del acogimiento el contribuyente o responsable presentar\u00e1 declaraci\u00f3n jurada sobre la inexistencia de ninguna de las causales se\u00f1aladas;<br \/>\n               c) A quienes se les haya aplicado le multa prevista en el Art. 111\u00b0 del C\u00f3digo Fiscal.<br \/>\n               d) Los agentes de Retenci\u00f3n, Percepci\u00f3n y\/o Recaudaci\u00f3n, por lo importes retenidos, percibidos o recaudados y no ingresados.<br \/>\n      Incluyese en esta previsi\u00f3n el uno (1%) por ciento de FORESO, retenido al empleado y no depositado por el empleador.<br \/>\n      En caso de verificarse algunas de las causales previstas en el presente art\u00edculo, producir\u00e1 la caducidad inmediata y de pleno derecho del r\u00e9gimen y la interposici\u00f3n de la denuncia penal correspondiente. <\/p>\n<\/div>\n\t\t\n\t\t\t<div class='ewd-ufaq-faq-custom-fields'>\n\n\t\n<\/div>\n\t\t\n\t\t\t\n\t\t\n\t\t\t\n\t\t\n\t\t\t\n\t\t\n\t\t\t\n\t\t\n\t\t\t\n\t\t\n\t\t\t\n\t\t\n\t\t\t\n\t\t\n\t<\/div>\n\n<\/div>\n\t<\/div>\n\n\t\n<\/div>\n","protected":false},"excerpt":{"rendered":"<p>A \u00bfQUI\u00c9NES SE ENCUENTRAN EXCLUIDOS DEL R\u00c9GIMEN? Quedan excluidos del presente r\u00e9gimen los siguientes contribuyentes y responsables: a) Que a la fecha de acogimiento en el presente r\u00e9gimen hayan sido declarados en Estado de Quiebra conforme a la Ley N\u00b0 24.522 y sus modificatorias; b) Que a la fecha de<\/p>\n","protected":false},"author":1,"featured_media":0,"parent":0,"menu_order":0,"comment_status":"closed","ping_status":"closed","template":"","meta":{"footnotes":""},"_links":{"self":[{"href":"http:\/\/www.dgrsantiago.gov.ar\/index.php?rest_route=\/wp\/v2\/pages\/8341"}],"collection":[{"href":"http:\/\/www.dgrsantiago.gov.ar\/index.php?rest_route=\/wp\/v2\/pages"}],"about":[{"href":"http:\/\/www.dgrsantiago.gov.ar\/index.php?rest_route=\/wp\/v2\/types\/page"}],"author":[{"embeddable":true,"href":"http:\/\/www.dgrsantiago.gov.ar\/index.php?rest_route=\/wp\/v2\/users\/1"}],"replies":[{"embeddable":true,"href":"http:\/\/www.dgrsantiago.gov.ar\/index.php?rest_route=%2Fwp%2Fv2%2Fcomments&post=8341"}],"version-history":[{"count":2,"href":"http:\/\/www.dgrsantiago.gov.ar\/index.php?rest_route=\/wp\/v2\/pages\/8341\/revisions"}],"predecessor-version":[{"id":13259,"href":"http:\/\/www.dgrsantiago.gov.ar\/index.php?rest_route=\/wp\/v2\/pages\/8341\/revisions\/13259"}],"wp:attachment":[{"href":"http:\/\/www.dgrsantiago.gov.ar\/index.php?rest_route=%2Fwp%2Fv2%2Fmedia&parent=8341"}],"curies":[{"name":"wp","href":"https:\/\/api.w.org\/{rel}","templated":true}]}}