{"id":889,"date":"2017-11-05T21:02:37","date_gmt":"2017-11-05T21:02:37","guid":{"rendered":"http:\/\/www.dgrsantiago.gob.ar\/?page_id=889"},"modified":"2024-09-12T12:58:17","modified_gmt":"2024-09-12T12:58:17","slug":"889-2","status":"publish","type":"page","link":"http:\/\/www.dgrsantiago.gov.ar\/?page_id=889","title":{"rendered":"Delegaciones"},"content":{"rendered":"<table style=\"height: 738px;\" width=\"4000\">\n<tbody>\n<tr>\n<td style=\"background: #9aca3c; color: white; text-align: center; padding-left: 30px;\" colspan=\"4\" width=\"1000\"><strong>D<\/strong><strong>.G.R. &#8211; DELEGACIONES<\/strong><\/td>\n<\/tr>\n<tr>\n<td style=\"text-align: center;\"><b>DELEGACI\u00d3N<\/b><\/td>\n<td style=\"text-align: center;\"><strong>TEL\u00c9FONO \/ MAIL<\/strong><\/td>\n<td style=\"text-align: center;\"><strong>DIRECCI\u00d3N<\/strong><\/td>\n<td style=\"text-align: center;\"><strong>DELEGADO<\/strong><\/td>\n<\/tr>\n<tr>\n<td style=\"text-align: center;\">A\u00d1ATUYA<\/td>\n<td style=\"text-align: center;\">(385) &#8211; 15414417(3844) &#8211; 423490<\/p>\n<p>dgranatuya@dgrsantiago.gob.ar<\/td>\n<td style=\"text-align: center;\">Pueyrred\u00f3n, esquina Sarmiento<\/td>\n<td style=\"text-align: center;\">C.P.N. Marcelo Galarza<\/td>\n<\/tr>\n<tr>\n<td style=\"text-align: center;\">C.A.B.A.<\/td>\n<td style=\"text-align: center;\">(11) &#8211; 53285477<\/p>\n<p>omarbomrad@dgrsantiago.gob.ar<\/td>\n<td style=\"text-align: center;\">Peatonal Florida N\u00ba 274<\/td>\n<td style=\"text-align: center;\">Dr. Omar Bomrad<\/td>\n<\/tr>\n<tr>\n<td style=\"text-align: center;\">FERN\u00c1NDEZ<\/td>\n<td style=\"text-align: center;\">(385) &#8211; 4912013<\/p>\n<p>dgrfernandez@dgrsantiago.gob.ar<\/td>\n<td style=\"text-align: center;\">San Mart\u00edn N\u00ba 495<\/td>\n<td style=\"text-align: center;\">C.P.N. Mar\u00eda Cristina Fortuna<\/td>\n<\/tr>\n<tr>\n<td style=\"text-align: center;\">FR\u00cdAS<\/td>\n<td style=\"text-align: center;\">(385) &#8211; 154489323(3854) &#8211; 423920<\/p>\n<p>dgrfrias@dgrsantiago.gob.ar<\/td>\n<td style=\"text-align: center;\">Juan Felipe Ibarra N\u00ba 42<\/td>\n<td style=\"text-align: center;\">C.P.N. Graciela Ger\u00e9z<\/td>\n<\/tr>\n<tr>\n<td style=\"text-align: center;\">LA BANDA<\/td>\n<td style=\"text-align: center;\">(385) &#8211; 1543031796022476<\/p>\n<p>dgrbanda@dgrsantiago.gob.ar<\/td>\n<td style=\"text-align: center;\">Rivadavia N\u00b0 14<\/td>\n<td style=\"text-align: center;\">Sr. S\u00e1nchez Gustavo<\/td>\n<\/tr>\n<tr>\n<td style=\"text-align: center;\">LORETO<\/td>\n<td style=\"text-align: center;\">(385) &#8211; 154380626(3845) &#8211; 420652<\/p>\n<p>dgrloreto@dgrsantiago.gob.ar<\/td>\n<td style=\"text-align: center;\">9 de Julio N\u00ba 675<\/td>\n<td style=\"text-align: center;\">C.P.N. Miguel Salom\u00f3n<\/td>\n<\/tr>\n<tr>\n<td style=\"text-align: center;\">QUIMIL\u00cd<\/td>\n<td style=\"text-align: center;\">(3843) &#8211; 15459494<\/p>\n<p>dgrquimili@dgrsantiago.gob.ar<\/td>\n<td style=\"text-align: center;\">Rivadavia N\u00b0 70<\/td>\n<td style=\"text-align: center;\">Sra. Marcia Bustos<\/td>\n<\/tr>\n<tr>\n<td style=\"text-align: center;\">SELVA<\/td>\n<td style=\"text-align: center;\">(3491) &#8211; 15414192<\/p>\n<p>dgrselva@dgrsantiago.gob.ar<\/td>\n<td style=\"text-align: center;\">9 de Julio N\u00ba 142<\/td>\n<td style=\"text-align: center;\">Dr. Leonardo Cravero<\/td>\n<\/tr>\n<tr>\n<td style=\"text-align: center;\">\u00a0TERMAS R\u00cdO HONDO<\/td>\n<td style=\"text-align: center;\">\u00a0(3858) &#8211; 441956422085<\/p>\n<p>dgrtermas@dgrsantiago.gob.ar<\/td>\n<td style=\"text-align: center;\">Avda. Rivadavia N\u00ba 215<\/td>\n<td style=\"text-align: center;\">Sr. Fidel Humberto Guardo<\/td>\n<\/tr>\n<\/tbody>\n<\/table>\n","protected":false},"excerpt":{"rendered":"<p>D.G.R. &#8211; DELEGACIONES DELEGACI\u00d3N TEL\u00c9FONO \/ MAIL DIRECCI\u00d3N DELEGADO A\u00d1ATUYA (385) &#8211; 15414417(3844) &#8211; 423490 dgranatuya@dgrsantiago.gob.ar Pueyrred\u00f3n, esquina Sarmiento C.P.N. Marcelo Galarza C.A.B.A. (11) &#8211; 53285477 omarbomrad@dgrsantiago.gob.ar Peatonal Florida N\u00ba 274 Dr. Omar Bomrad FERN\u00c1NDEZ (385) &#8211; 4912013 dgrfernandez@dgrsantiago.gob.ar San Mart\u00edn N\u00ba 495 C.P.N. Mar\u00eda Cristina Fortuna FR\u00cdAS (385) &#8211;<\/p>\n","protected":false},"author":1,"featured_media":0,"parent":0,"menu_order":0,"comment_status":"closed","ping_status":"closed","template":"","meta":{"footnotes":""},"_links":{"self":[{"href":"http:\/\/www.dgrsantiago.gov.ar\/index.php?rest_route=\/wp\/v2\/pages\/889"}],"collection":[{"href":"http:\/\/www.dgrsantiago.gov.ar\/index.php?rest_route=\/wp\/v2\/pages"}],"about":[{"href":"http:\/\/www.dgrsantiago.gov.ar\/index.php?rest_route=\/wp\/v2\/types\/page"}],"author":[{"embeddable":true,"href":"http:\/\/www.dgrsantiago.gov.ar\/index.php?rest_route=\/wp\/v2\/users\/1"}],"replies":[{"embeddable":true,"href":"http:\/\/www.dgrsantiago.gov.ar\/index.php?rest_route=%2Fwp%2Fv2%2Fcomments&post=889"}],"version-history":[{"count":45,"href":"http:\/\/www.dgrsantiago.gov.ar\/index.php?rest_route=\/wp\/v2\/pages\/889\/revisions"}],"predecessor-version":[{"id":13201,"href":"http:\/\/www.dgrsantiago.gov.ar\/index.php?rest_route=\/wp\/v2\/pages\/889\/revisions\/13201"}],"wp:attachment":[{"href":"http:\/\/www.dgrsantiago.gov.ar\/index.php?rest_route=%2Fwp%2Fv2%2Fmedia&parent=889"}],"curies":[{"name":"wp","href":"https:\/\/api.w.org\/{rel}","templated":true}]}}